{"id":9237,"date":"2024-09-18T11:29:24","date_gmt":"2024-09-18T09:29:24","guid":{"rendered":"https:\/\/www.cnt-online.com\/?page_id=9237"},"modified":"2026-04-09T11:41:03","modified_gmt":"2026-04-09T09:41:03","slug":"nis-2-event","status":"publish","type":"page","link":"https:\/\/www.cnt-online.com\/de\/nis-2-event\/","title":{"rendered":"CNT x PwC NIS-2 Event"},"content":{"rendered":"<p><div class=\"fusion-fullwidth fullwidth-box fusion-builder-row-1 fusion-flex-container has-pattern-background has-mask-background hundred-percent-fullwidth non-hundred-percent-height-scrolling\" style=\"--awb-border-radius-top-left:0px;--awb-border-radius-top-right:0px;--awb-border-radius-bottom-right:0px;--awb-border-radius-bottom-left:0px;--awb-padding-top:0px;--awb-padding-right:0px;--awb-padding-bottom:0px;--awb-padding-left:0px;--awb-margin-top:0px;--awb-margin-bottom:0px;--awb-background-color:var(--awb-color2);--awb-flex-wrap:wrap;\" ><div class=\"fusion-builder-row fusion-row fusion-flex-align-items-flex-start fusion-flex-content-wrap\" style=\"width:104% !important;max-width:104% !important;margin-left: calc(-4% \/ 2 );margin-right: calc(-4% \/ 2 );\"><div class=\"fusion-layout-column fusion_builder_column fusion-builder-column-0 fusion_builder_column_1_1 1_1 fusion-flex-column\" style=\"--awb-bg-size:cover;--awb-width-large:100%;--awb-margin-top-large:0px;--awb-spacing-right-large:1.92%;--awb-margin-bottom-large:0px;--awb-spacing-left-large:1.92%;--awb-width-medium:100%;--awb-order-medium:0;--awb-spacing-right-medium:1.92%;--awb-spacing-left-medium:1.92%;--awb-width-small:100%;--awb-order-small:0;--awb-spacing-right-small:1.92%;--awb-spacing-left-small:1.92%;\" data-scroll-devices=\"small-visibility,medium-visibility,large-visibility\"><div class=\"fusion-column-wrapper fusion-column-has-shadow fusion-flex-justify-content-flex-start fusion-content-layout-column\">\t\t\t\t\t<div class=\"fusion-slider-container fusion-slider-sc-nis2 fusion-slider-247 full-width-slider\" style=\"height:500px; max-width:100%;\" data-id=\"247\" data-full_height=\"\">\n\t\t\t\t\t\t<style type=\"text\/css\">.fusion-slider-247 .flex-direction-nav a {width:63px;height:63px;line-height:63px;font-size:25px;}<\/style>\t\t\t\t\t\t<div class=\"fusion-slider-loading\">Loading...<\/div>\n\t\t\t\t\t\t<div class=\"tfs-slider flexslider main-flex full-width-slider\" data-slider_width=\"100%\" data-slider_height=\"500px\" data-full_screen=\"0\" data-parallax=\"0\" data-nav_arrows=\"1\" data-nav_arrow_size=\"25px\" data-nav_box_width=\"63px\" data-nav_box_height=\"63px\" data-slideshow_speed=\"7000\" data-loop=\"1\" data-autoplay=\"1\" data-orderby=\"date\" data-order=\"DESC\" data-animation=\"fade\" data-animation_speed=\"600\" data-typo_sensitivity=\"1\" data-typo_factor=\"1.5\" style=\"max-width:100%;\">\n\t\t\t\t\t\t\t<ul class=\"slides\">\n\t\t\t\t\t\t\t\t\t\t\t\t\t\t\t\t\t<li data-mute=\"yes\" data-loop=\"yes\" data-autoplay=\"yes\">\n\t\t\t\t\t\t\t\t\t\t<div class=\"slide-content-container slide-content-center\" style=\"display: none;\">\n\t\t\t\t\t\t\t\t\t\t\t<div class=\"slide-content\" style=\"\">\n\t\t\t\t\t\t\t\t\t\t\t\t\t\t\t\t\t\t\t\t\t\t\t\t\t<div class=\"heading with-bg\">\n\t\t\t\t\t\t\t\t\t\t\t\t\t\t<div class=\"fusion-title-sc-wrapper\" style=\"background-color: rgba(0,0,0, 0.4);\">\n\t\t\t\t\t\t\t\t\t\t\t\t\t\t\t<div class=\"fusion-title title fusion-title-1 fusion-sep-none fusion-title-center fusion-title-text fusion-title-size-one\" style=\"--awb-margin-top:0px;--awb-margin-bottom:0px;--awb-font-size:60px;\"><h1 class=\"fusion-title-heading title-heading-center fusion-responsive-typography-calculated\" style=\"margin:0;font-size:1em;--fontSize:60;line-height:1.33;\">CYBER SECURITY FOR YOUR SUPPLY<br>CHAIN NIS-2 Konformit\u00e4t mit SAP Ariba<\/h1><\/div>\t\t\t\t\t\t\t\t\t\t\t\t\t\t<\/div>\n\t\t\t\t\t\t\t\t\t\t\t\t\t<\/div>\n\t\t\t\t\t\t\t\t\t\t\t\t\t\t\t\t\t\t\t\t\t\t\t\t\t\t\t\t\t\t\t\t\t\t\t\t\t<div class=\"caption with-bg\">\n\t\t\t\t\t\t\t\t\t\t\t\t\t\t<div class=\"fusion-title-sc-wrapper\" style=\"background-color: rgba(0, 0, 0, 0.4);\">\n\t\t\t\t\t\t\t\t\t\t\t\t\t\t\t<div class=\"fusion-title title fusion-title-2 fusion-sep-none fusion-title-center fusion-title-text fusion-title-size-two\" style=\"--awb-margin-top:0px;--awb-margin-bottom:0px;--awb-font-size:24px;\"><h2 class=\"fusion-title-heading title-heading-center fusion-responsive-typography-calculated\" style=\"margin:0;font-size:1em;--fontSize:24;line-height:1.58;\">29.April 2026 | Ab 13:00 Uhr | Bergisel, 6020 Innsbruck<\/h2><\/div>\t\t\t\t\t\t\t\t\t\t\t\t\t\t<\/div>\n\t\t\t\t\t\t\t\t\t\t\t\t\t<\/div>\n\t\t\t\t\t\t\t\t\t\t\t\t\t\t\t\t\t\t\t\t\t\t\t\t\t\t\t\t\t\t\t\t\t\t\t\t\t<div class=\"buttons\" >\n\t\t\t\t\t\t\t\t\t\t\t\t\t\t\t\t\t\t\t\t\t\t\t\t\t\t\t\t\t\t\t\t\t\t\t\t\t\t\t\t\t<\/div>\n\t\t\t\t\t\t\t\t\t\t\t\t\t\t\t\t\t\t\t\t\t\t\t<\/div>\n\t\t\t\t\t\t\t\t\t\t<\/div>\n\t\t\t\t\t\t\t\t\t\t\t\t\t\t\t\t\t\t\t\t\t\t\t\t\t\t\t\t\t\t\t\t\t\t\t\t\t\t\t\t<div class=\"background background-image\" style=\"background-image: url(https:\/\/www.cnt-online.com\/wp-content\/uploads\/image_2500x1080.jpg);max-width:100%;height:500px;filter: progid:DXImageTransform.Microsoft.AlphaImageLoader(src='https:\/\/www.cnt-online.com\/wp-content\/uploads\/image_2500x1080.jpg', sizingMethod='scale');\" data-imgwidth=\"2500\">\n\t\t\t\t\t\t\t\t\t\t\t\t\t\t\t\t\t\t\t\t\t\t\t\t\t\t\t\t\t\t\t\t\t\t\t\t\t\t\t\t\t\t\t\t\t\t\t\t\t\t\t\t\t\t\t\t\t\t\t\t\t\t\t\t\t\t<\/div>\n\t\t\t\t\t\t\t\t\t<\/li>\n\t\t\t\t\t\t\t\t\t\t\t\t\t\t\t\t\t\t\t\t\t\t\t<\/ul>\n\t\t\t\t\t\t<\/div>\n\t\t\t\t\t<\/div>\n\t\t\t\t\t\t\t\t<\/div><\/div><\/div><\/div><div class=\"fusion-fullwidth fullwidth-box fusion-builder-row-2 fusion-flex-container has-pattern-background has-mask-background nonhundred-percent-fullwidth non-hundred-percent-height-scrolling\" style=\"--awb-border-radius-top-left:0px;--awb-border-radius-top-right:0px;--awb-border-radius-bottom-right:0px;--awb-border-radius-bottom-left:0px;--awb-flex-wrap:wrap;\" ><div class=\"fusion-builder-row fusion-row fusion-flex-align-items-flex-start fusion-flex-content-wrap\" style=\"max-width:1248px;margin-left: calc(-4% \/ 2 );margin-right: calc(-4% \/ 2 );\"><div class=\"fusion-layout-column fusion_builder_column fusion-builder-column-1 fusion_builder_column_1_1 1_1 fusion-flex-column\" style=\"--awb-bg-size:cover;--awb-width-large:100%;--awb-margin-top-large:0px;--awb-spacing-right-large:1.92%;--awb-margin-bottom-large:20px;--awb-spacing-left-large:1.92%;--awb-width-medium:100%;--awb-order-medium:0;--awb-spacing-right-medium:1.92%;--awb-spacing-left-medium:1.92%;--awb-width-small:100%;--awb-order-small:0;--awb-spacing-right-small:1.92%;--awb-spacing-left-small:1.92%;\"><div class=\"fusion-column-wrapper fusion-column-has-shadow fusion-flex-justify-content-flex-start fusion-content-layout-column\"><div class=\"fusion-text fusion-text-1\"><h2 style=\"text-align: left;\">Hier geht\u2019s zur Registrierung:<\/h2>\n<\/div><div class=\"fusion-text fusion-text-2\"><p><script charset=\"utf-8\" type=\"text\/javascript\" src=\"\/\/js-eu1.hsforms.net\/forms\/embed\/v2.js\"><\/script><br \/>\n<script>\n  hbspt.forms.create({\n    portalId: \"25195293\",\n    formId: \"9f27704d-27e9-4275-ac8d-5f35bedbc5f3\",\n    region: \"eu1\"\n  });\n<\/script><\/p>\n<\/div><\/div><\/div><\/div><\/div><div class=\"fusion-fullwidth fullwidth-box fusion-builder-row-3 fusion-flex-container video-background has-pattern-background has-mask-background nonhundred-percent-fullwidth non-hundred-percent-height-scrolling\" style=\"--awb-background-blend-mode:saturation;--awb-border-radius-top-left:0px;--awb-border-radius-top-right:0px;--awb-border-radius-bottom-right:0px;--awb-border-radius-bottom-left:0px;--awb-background-image:url(&quot;https:\/\/www.cnt-online.com\/wp-content\/uploads\/AdobeStock_813797530-scaled.jpeg&quot;);--awb-flex-wrap:wrap;\" ><div class=\"fullwidth-video\"><video preload=\"auto\" autoplay playsinline loop muted><source src=\"https:\/\/www.cnt-online.com\/wp-content\/uploads\/AdobeStock_883239807.mov\" type=\"video\/mp4\"><\/video><\/div><div class=\"fusion-builder-row fusion-row fusion-flex-align-items-flex-start fusion-flex-content-wrap\" style=\"max-width:1248px;margin-left: calc(-4% \/ 2 );margin-right: calc(-4% \/ 2 );\"><div class=\"fusion-layout-column fusion_builder_column fusion-builder-column-2 fusion_builder_column_1_4 1_4 fusion-flex-column\" style=\"--awb-bg-size:cover;--awb-width-large:25%;--awb-margin-top-large:0px;--awb-spacing-right-large:7.68%;--awb-margin-bottom-large:20px;--awb-spacing-left-large:7.68%;--awb-width-medium:25%;--awb-order-medium:0;--awb-spacing-right-medium:7.68%;--awb-spacing-left-medium:7.68%;--awb-width-small:100%;--awb-order-small:0;--awb-spacing-right-small:1.92%;--awb-spacing-left-small:1.92%;\"><div class=\"fusion-column-wrapper fusion-column-has-shadow fusion-flex-justify-content-flex-start fusion-content-layout-column\"><\/div><\/div><div class=\"fusion-layout-column fusion_builder_column fusion-builder-column-3 fusion_builder_column_1_2 1_2 fusion-flex-column\" style=\"--awb-padding-top:20px;--awb-padding-right:20px;--awb-padding-bottom:20px;--awb-padding-left:20px;--awb-bg-color:var(--awb-custom_color_1);--awb-bg-color-hover:var(--awb-custom_color_1);--awb-bg-size:cover;--awb-width-large:50%;--awb-margin-top-large:0px;--awb-spacing-right-large:3.84%;--awb-margin-bottom-large:20px;--awb-spacing-left-large:3.84%;--awb-width-medium:50%;--awb-order-medium:0;--awb-spacing-right-medium:3.84%;--awb-spacing-left-medium:3.84%;--awb-width-small:100%;--awb-order-small:0;--awb-spacing-right-small:1.92%;--awb-spacing-left-small:1.92%;\" data-scroll-devices=\"small-visibility,medium-visibility,large-visibility\"><div class=\"fusion-column-wrapper fusion-column-has-shadow fusion-flex-justify-content-flex-start fusion-content-layout-column\"><div class=\"fusion-text fusion-text-3\"><h2 style=\"text-align: center;\">Agenda<\/h2>\n<\/div><div class=\"fusion-text fusion-text-4\"><p style=\"text-align: center;\"><strong>13:00 \u2013 13:15 Uhr<br \/>\n<\/strong>Begr\u00fc\u00dfung<strong><br \/>\n<\/strong><em>\u00a0Richard Wagner, CNT<\/em><strong><br \/>\n<\/strong><\/p>\n<\/div><div class=\"fusion-text fusion-text-5\"><p style=\"text-align: center;\"><strong>13:15 \u2013 14:00 Uhr<br \/>\n<\/strong>Keynote: Mit dem NISG2026 wird es endg\u00fcltig ernst mit der Lieferantensicherheit<strong><span data-olk-copy-source=\"MessageBody\"><br \/>\n<\/span><\/strong><em>Thomas Stubbings, Cyber Trust Austria<\/em><strong><span data-olk-copy-source=\"MessageBody\"><br \/>\n<\/span><\/strong><\/p>\n<\/div><div class=\"fusion-text fusion-text-6\"><p style=\"text-align: center;\"><strong>14:00 \u2013 14:45 Uhr<br \/>\n<\/strong> NIS-2, DORA und CRA: Neue Ma\u00dfst\u00e4be f\u00fcr den Einkauf und Supply Chain Management<em><br \/>\n<\/em> <em>Michael Herburger, PwC \u00d6sterreich<\/em><\/p>\n<\/div><div class=\"fusion-text fusion-text-7\"><p style=\"text-align: center;\"><strong>14:45 \u2013 15:15 Uhr<br \/>\n<\/strong>Pause<\/p>\n<\/div><div class=\"fusion-text fusion-text-8\"><p style=\"text-align: center;\"><strong>15:15 \u2013 16:00 Uhr<br \/>\n<\/strong>Lieferketten Sicherheit im Rahmen des NISG-2026, Standardisierung als Effizienzfaktor auf Basis des KSV1870 CyberRisk Ratings<br \/>\n<em>Robert Staubmann, KSV1870 Nimbusec GmbH<\/em><\/p>\n<\/div><div class=\"fusion-text fusion-text-9\"><p style=\"text-align: center;\"><strong>16:00 \u2013 16:45 Uhr<br \/>\n<\/strong>SAP Ariba: Risikomanagement in der Lieferkette<br \/>\n<em>Michael Kern, Sarah Okasha, CNT<\/em><\/p>\n<\/div><div class=\"fusion-text fusion-text-10\"><p style=\"text-align: center;\"><strong>16:45 \u2013 17:00 Uhr<br \/>\n<\/strong>Moderierte Diskussion<br \/>\n<em>Richard Wagner, CNT \/ Alle<\/em><\/p>\n<\/div><div class=\"fusion-text fusion-text-11\"><p style=\"text-align: center;\"><span style=\"color: #0064a3;\"><strong> 17:00 \u2013 18:00 Uhr<br \/>\n<\/strong>F\u00fchrung durch die Bergisel-Schanze<\/span><em><br \/>\n<span style=\"color: #0064a3;\" data-olk-copy-source=\"MessageBody\">Bergisel Skijumping Team<\/span><br \/>\n<\/em><\/p>\n<\/div><div class=\"fusion-text fusion-text-12\"><p style=\"text-align: center;\"><strong>\u00a0Ab 18:00 Uhr<br \/>\n<\/strong>Gemeinsames Abendessen<strong><br \/>\n<\/strong><\/p>\n<\/div><\/div><\/div><div class=\"fusion-layout-column fusion_builder_column fusion-builder-column-4 fusion_builder_column_1_4 1_4 fusion-flex-column\" style=\"--awb-bg-size:cover;--awb-width-large:25%;--awb-margin-top-large:0px;--awb-spacing-right-large:7.68%;--awb-margin-bottom-large:20px;--awb-spacing-left-large:7.68%;--awb-width-medium:25%;--awb-order-medium:0;--awb-spacing-right-medium:7.68%;--awb-spacing-left-medium:7.68%;--awb-width-small:100%;--awb-order-small:0;--awb-spacing-right-small:1.92%;--awb-spacing-left-small:1.92%;\"><div class=\"fusion-column-wrapper fusion-column-has-shadow fusion-flex-justify-content-flex-start fusion-content-layout-column\"><\/div><\/div><\/div><\/div><\/p>\n","protected":false},"excerpt":{"rendered":"","protected":false},"author":5,"featured_media":0,"parent":0,"menu_order":0,"comment_status":"closed","ping_status":"closed","template":"100-width.php","meta":{"_acf_changed":false,"inline_featured_image":false,"footnotes":""},"class_list":["post-9237","page","type-page","status-publish","hentry"],"acf":[],"yoast_head":"<!-- This site is optimized with the Yoast SEO Premium plugin v27.1 (Yoast SEO v27.3) - https:\/\/yoast.com\/product\/yoast-seo-premium-wordpress\/ -->\n<title>CNT x PwC NIS-2 Event - CNT<\/title>\n<meta name=\"robots\" content=\"index, follow, max-snippet:-1, max-image-preview:large, max-video-preview:-1\" \/>\n<link rel=\"canonical\" href=\"https:\/\/www.cnt-online.com\/de\/nis-2-event\/\" \/>\n<meta property=\"og:locale\" content=\"de_DE\" \/>\n<meta property=\"og:type\" content=\"article\" \/>\n<meta property=\"og:title\" content=\"CNT x PwC NIS-2 Event CYBER SECURITY FOR YOUR SUPPLY CHAIN NIS-2 Konformit\u00e4t mit SAP Ariba\" \/>\n<meta property=\"og:description\" content=\"Die Anforderungen an Cyber Security werden strenger \u2013 mit der neuen NIS-2-Richtlinie sind Unternehmen in Europa gefordert, ihre IT-Sicherheitsma\u00dfnahmen zu verst\u00e4rken.\" \/>\n<meta property=\"og:url\" content=\"https:\/\/www.cnt-online.com\/de\/nis-2-event\/\" \/>\n<meta property=\"og:site_name\" content=\"CNT\" \/>\n<meta property=\"article:modified_time\" content=\"2026-04-09T09:41:03+00:00\" \/>\n<meta property=\"og:image\" content=\"https:\/\/www.cnt-online.com\/wp-content\/uploads\/image_2500x1080.jpg\" \/>\n\t<meta property=\"og:image:width\" content=\"2500\" \/>\n\t<meta property=\"og:image:height\" content=\"1080\" \/>\n\t<meta property=\"og:image:type\" content=\"image\/jpeg\" \/>\n<meta name=\"twitter:card\" content=\"summary_large_image\" \/>\n<meta name=\"twitter:title\" content=\"CNT x PwC NIS-2 Event\" \/>\n<meta name=\"twitter:label1\" content=\"Gesch\u00e4tzte Lesezeit\" \/>\n\t<meta name=\"twitter:data1\" content=\"1\u00a0Minute\" \/>\n<script type=\"application\/ld+json\" class=\"yoast-schema-graph\">{\"@context\":\"https:\\\/\\\/schema.org\",\"@graph\":[{\"@type\":\"Article\",\"@id\":\"https:\\\/\\\/www.cnt-online.com\\\/de\\\/nis-2-event\\\/#article\",\"isPartOf\":{\"@id\":\"https:\\\/\\\/www.cnt-online.com\\\/de\\\/nis-2-event\\\/\"},\"author\":{\"name\":\"Victoria Flor\",\"@id\":\"https:\\\/\\\/www.cnt-online.com\\\/de\\\/#\\\/schema\\\/person\\\/27e032599137267d1c6a18075c7412b7\"},\"headline\":\"CNT x PwC NIS-2 Event\",\"datePublished\":\"2024-09-18T09:29:24+00:00\",\"dateModified\":\"2026-04-09T09:41:03+00:00\",\"mainEntityOfPage\":{\"@id\":\"https:\\\/\\\/www.cnt-online.com\\\/de\\\/nis-2-event\\\/\"},\"wordCount\":5004,\"publisher\":{\"@id\":\"https:\\\/\\\/www.cnt-online.com\\\/de\\\/#organization\"},\"inLanguage\":\"de\"},{\"@type\":\"WebPage\",\"@id\":\"https:\\\/\\\/www.cnt-online.com\\\/de\\\/nis-2-event\\\/\",\"url\":\"https:\\\/\\\/www.cnt-online.com\\\/de\\\/nis-2-event\\\/\",\"name\":\"CNT x PwC NIS-2 Event - CNT\",\"isPartOf\":{\"@id\":\"https:\\\/\\\/www.cnt-online.com\\\/de\\\/#website\"},\"datePublished\":\"2024-09-18T09:29:24+00:00\",\"dateModified\":\"2026-04-09T09:41:03+00:00\",\"breadcrumb\":{\"@id\":\"https:\\\/\\\/www.cnt-online.com\\\/de\\\/nis-2-event\\\/#breadcrumb\"},\"inLanguage\":\"de\",\"potentialAction\":[{\"@type\":\"ReadAction\",\"target\":[\"https:\\\/\\\/www.cnt-online.com\\\/de\\\/nis-2-event\\\/\"]}]},{\"@type\":\"BreadcrumbList\",\"@id\":\"https:\\\/\\\/www.cnt-online.com\\\/de\\\/nis-2-event\\\/#breadcrumb\",\"itemListElement\":[{\"@type\":\"ListItem\",\"position\":1,\"name\":\"Home\",\"item\":\"https:\\\/\\\/www.cnt-online.com\\\/de\\\/\"},{\"@type\":\"ListItem\",\"position\":2,\"name\":\"CNT x PwC NIS-2 Event\"}]},{\"@type\":\"WebSite\",\"@id\":\"https:\\\/\\\/www.cnt-online.com\\\/de\\\/#website\",\"url\":\"https:\\\/\\\/www.cnt-online.com\\\/de\\\/\",\"name\":\"CNT\",\"description\":\"Management Consulting\",\"publisher\":{\"@id\":\"https:\\\/\\\/www.cnt-online.com\\\/de\\\/#organization\"},\"potentialAction\":[{\"@type\":\"SearchAction\",\"target\":{\"@type\":\"EntryPoint\",\"urlTemplate\":\"https:\\\/\\\/www.cnt-online.com\\\/de\\\/?s={search_term_string}\"},\"query-input\":{\"@type\":\"PropertyValueSpecification\",\"valueRequired\":true,\"valueName\":\"search_term_string\"}}],\"inLanguage\":\"de\"},{\"@type\":\"Organization\",\"@id\":\"https:\\\/\\\/www.cnt-online.com\\\/de\\\/#organization\",\"name\":\"CNT\",\"url\":\"https:\\\/\\\/www.cnt-online.com\\\/de\\\/\",\"logo\":{\"@type\":\"ImageObject\",\"inLanguage\":\"de\",\"@id\":\"https:\\\/\\\/www.cnt-online.com\\\/de\\\/#\\\/schema\\\/logo\\\/image\\\/\",\"url\":\"https:\\\/\\\/www.cnt-online.com\\\/wp-content\\\/uploads\\\/favicon.png\",\"contentUrl\":\"https:\\\/\\\/www.cnt-online.com\\\/wp-content\\\/uploads\\\/favicon.png\",\"width\":64,\"height\":17,\"caption\":\"CNT\"},\"image\":{\"@id\":\"https:\\\/\\\/www.cnt-online.com\\\/de\\\/#\\\/schema\\\/logo\\\/image\\\/\"}},{\"@type\":\"Person\",\"@id\":\"https:\\\/\\\/www.cnt-online.com\\\/de\\\/#\\\/schema\\\/person\\\/27e032599137267d1c6a18075c7412b7\",\"name\":\"Victoria Flor\",\"image\":{\"@type\":\"ImageObject\",\"inLanguage\":\"de\",\"@id\":\"https:\\\/\\\/secure.gravatar.com\\\/avatar\\\/134273ada03cfc83498daeafde46e8b76f419dbd02b1e3e0f0291c7d699f8c02?s=96&d=mm&r=g\",\"url\":\"https:\\\/\\\/secure.gravatar.com\\\/avatar\\\/134273ada03cfc83498daeafde46e8b76f419dbd02b1e3e0f0291c7d699f8c02?s=96&d=mm&r=g\",\"contentUrl\":\"https:\\\/\\\/secure.gravatar.com\\\/avatar\\\/134273ada03cfc83498daeafde46e8b76f419dbd02b1e3e0f0291c7d699f8c02?s=96&d=mm&r=g\",\"caption\":\"Victoria Flor\"}}]}<\/script>\n<!-- \/ Yoast SEO Premium plugin. -->","yoast_head_json":{"title":"CNT x PwC NIS-2 Event - CNT","robots":{"index":"index","follow":"follow","max-snippet":"max-snippet:-1","max-image-preview":"max-image-preview:large","max-video-preview":"max-video-preview:-1"},"canonical":"https:\/\/www.cnt-online.com\/de\/nis-2-event\/","og_locale":"de_DE","og_type":"article","og_title":"CNT x PwC NIS-2 Event CYBER SECURITY FOR YOUR SUPPLY CHAIN NIS-2 Konformit\u00e4t mit SAP Ariba","og_description":"Die Anforderungen an Cyber Security werden strenger \u2013 mit der neuen NIS-2-Richtlinie sind Unternehmen in Europa gefordert, ihre IT-Sicherheitsma\u00dfnahmen zu verst\u00e4rken.","og_url":"https:\/\/www.cnt-online.com\/de\/nis-2-event\/","og_site_name":"CNT","article_modified_time":"2026-04-09T09:41:03+00:00","og_image":[{"width":2500,"height":1080,"url":"https:\/\/www.cnt-online.com\/wp-content\/uploads\/image_2500x1080.jpg","type":"image\/jpeg"}],"twitter_card":"summary_large_image","twitter_title":"CNT x PwC NIS-2 Event","twitter_misc":{"Gesch\u00e4tzte Lesezeit":"1\u00a0Minute"},"schema":{"@context":"https:\/\/schema.org","@graph":[{"@type":"Article","@id":"https:\/\/www.cnt-online.com\/de\/nis-2-event\/#article","isPartOf":{"@id":"https:\/\/www.cnt-online.com\/de\/nis-2-event\/"},"author":{"name":"Victoria Flor","@id":"https:\/\/www.cnt-online.com\/de\/#\/schema\/person\/27e032599137267d1c6a18075c7412b7"},"headline":"CNT x PwC NIS-2 Event","datePublished":"2024-09-18T09:29:24+00:00","dateModified":"2026-04-09T09:41:03+00:00","mainEntityOfPage":{"@id":"https:\/\/www.cnt-online.com\/de\/nis-2-event\/"},"wordCount":5004,"publisher":{"@id":"https:\/\/www.cnt-online.com\/de\/#organization"},"inLanguage":"de"},{"@type":"WebPage","@id":"https:\/\/www.cnt-online.com\/de\/nis-2-event\/","url":"https:\/\/www.cnt-online.com\/de\/nis-2-event\/","name":"CNT x PwC NIS-2 Event - CNT","isPartOf":{"@id":"https:\/\/www.cnt-online.com\/de\/#website"},"datePublished":"2024-09-18T09:29:24+00:00","dateModified":"2026-04-09T09:41:03+00:00","breadcrumb":{"@id":"https:\/\/www.cnt-online.com\/de\/nis-2-event\/#breadcrumb"},"inLanguage":"de","potentialAction":[{"@type":"ReadAction","target":["https:\/\/www.cnt-online.com\/de\/nis-2-event\/"]}]},{"@type":"BreadcrumbList","@id":"https:\/\/www.cnt-online.com\/de\/nis-2-event\/#breadcrumb","itemListElement":[{"@type":"ListItem","position":1,"name":"Home","item":"https:\/\/www.cnt-online.com\/de\/"},{"@type":"ListItem","position":2,"name":"CNT x PwC NIS-2 Event"}]},{"@type":"WebSite","@id":"https:\/\/www.cnt-online.com\/de\/#website","url":"https:\/\/www.cnt-online.com\/de\/","name":"CNT","description":"Management Consulting","publisher":{"@id":"https:\/\/www.cnt-online.com\/de\/#organization"},"potentialAction":[{"@type":"SearchAction","target":{"@type":"EntryPoint","urlTemplate":"https:\/\/www.cnt-online.com\/de\/?s={search_term_string}"},"query-input":{"@type":"PropertyValueSpecification","valueRequired":true,"valueName":"search_term_string"}}],"inLanguage":"de"},{"@type":"Organization","@id":"https:\/\/www.cnt-online.com\/de\/#organization","name":"CNT","url":"https:\/\/www.cnt-online.com\/de\/","logo":{"@type":"ImageObject","inLanguage":"de","@id":"https:\/\/www.cnt-online.com\/de\/#\/schema\/logo\/image\/","url":"https:\/\/www.cnt-online.com\/wp-content\/uploads\/favicon.png","contentUrl":"https:\/\/www.cnt-online.com\/wp-content\/uploads\/favicon.png","width":64,"height":17,"caption":"CNT"},"image":{"@id":"https:\/\/www.cnt-online.com\/de\/#\/schema\/logo\/image\/"}},{"@type":"Person","@id":"https:\/\/www.cnt-online.com\/de\/#\/schema\/person\/27e032599137267d1c6a18075c7412b7","name":"Victoria Flor","image":{"@type":"ImageObject","inLanguage":"de","@id":"https:\/\/secure.gravatar.com\/avatar\/134273ada03cfc83498daeafde46e8b76f419dbd02b1e3e0f0291c7d699f8c02?s=96&d=mm&r=g","url":"https:\/\/secure.gravatar.com\/avatar\/134273ada03cfc83498daeafde46e8b76f419dbd02b1e3e0f0291c7d699f8c02?s=96&d=mm&r=g","contentUrl":"https:\/\/secure.gravatar.com\/avatar\/134273ada03cfc83498daeafde46e8b76f419dbd02b1e3e0f0291c7d699f8c02?s=96&d=mm&r=g","caption":"Victoria Flor"}}]}},"_links":{"self":[{"href":"https:\/\/www.cnt-online.com\/de\/wp-json\/wp\/v2\/pages\/9237","targetHints":{"allow":["GET"]}}],"collection":[{"href":"https:\/\/www.cnt-online.com\/de\/wp-json\/wp\/v2\/pages"}],"about":[{"href":"https:\/\/www.cnt-online.com\/de\/wp-json\/wp\/v2\/types\/page"}],"author":[{"embeddable":true,"href":"https:\/\/www.cnt-online.com\/de\/wp-json\/wp\/v2\/users\/5"}],"replies":[{"embeddable":true,"href":"https:\/\/www.cnt-online.com\/de\/wp-json\/wp\/v2\/comments?post=9237"}],"version-history":[{"count":27,"href":"https:\/\/www.cnt-online.com\/de\/wp-json\/wp\/v2\/pages\/9237\/revisions"}],"predecessor-version":[{"id":15971,"href":"https:\/\/www.cnt-online.com\/de\/wp-json\/wp\/v2\/pages\/9237\/revisions\/15971"}],"wp:attachment":[{"href":"https:\/\/www.cnt-online.com\/de\/wp-json\/wp\/v2\/media?parent=9237"}],"curies":[{"name":"wp","href":"https:\/\/api.w.org\/{rel}","templated":true}]}}