{"id":826,"date":"2023-01-04T12:26:41","date_gmt":"2023-01-04T11:26:41","guid":{"rendered":"https:\/\/www.cnt-online.com\/legal-disclosure\/"},"modified":"2025-12-17T09:41:11","modified_gmt":"2025-12-17T08:41:11","slug":"impressum","status":"publish","type":"page","link":"https:\/\/www.cnt-online.com\/de\/impressum\/","title":{"rendered":"Impressum"},"content":{"rendered":"<p><div class=\"fusion-fullwidth fullwidth-box fusion-builder-row-1 fusion-flex-container has-pattern-background has-mask-background nonhundred-percent-fullwidth non-hundred-percent-height-scrolling\" style=\"--awb-border-radius-top-left:0px;--awb-border-radius-top-right:0px;--awb-border-radius-bottom-right:0px;--awb-border-radius-bottom-left:0px;--awb-background-color:rgba(0,0,0,0);--awb-flex-wrap:wrap;\" ><div class=\"fusion-builder-row fusion-row fusion-flex-align-items-flex-start fusion-flex-content-wrap\" style=\"max-width:1248px;margin-left: calc(-4% \/ 2 );margin-right: calc(-4% \/ 2 );\"><div class=\"fusion-layout-column fusion_builder_column fusion-builder-column-0 fusion_builder_column_1_1 1_1 fusion-flex-column\" style=\"--awb-bg-size:cover;--awb-width-large:100%;--awb-margin-top-large:0px;--awb-spacing-right-large:1.92%;--awb-margin-bottom-large:20px;--awb-spacing-left-large:1.92%;--awb-width-medium:100%;--awb-order-medium:0;--awb-spacing-right-medium:1.92%;--awb-spacing-left-medium:1.92%;--awb-width-small:100%;--awb-order-small:0;--awb-spacing-right-small:1.92%;--awb-spacing-left-small:1.92%;\"><div class=\"fusion-column-wrapper fusion-column-has-shadow fusion-flex-justify-content-flex-start fusion-content-layout-column\"><div class=\"fusion-text fusion-text-1\"><h1>Impressum<\/h1>\n<h2 class=\"h3-size\">CNT Management Consulting AG<\/h2>\n<p class=\"h5-size\">Saturn Tower<\/p>\n<p class=\"h5-size\">Leonard-Bernstein-Stra\u00dfe 10<\/p>\n<div class=\"mk-page-section-wrapper\" data-mk-full-width=\"true\" data-mk-full-width-init=\"true\" data-mk-stretch-content=\"true\">\n<div id=\"page-section-2\" class=\"mk-page-section self-hosted full_layout full-width-2 js-el js-master-row jupiter-donut- mk-in-viewport\" data-intro-effect=\"false\">\n<div class=\"page-section-content vc_row-fluid mk-grid \">\n<div class=\"mk-padding-wrapper wpb_row\">\n<div class=\"vc_col-sm-12 wpb_column column_container jupiter-donut- _ jupiter-donut-height-full\">\n<div class=\" vc_custom_1677155626239\">\n<div id=\"text-block-5\" class=\"mk-text-block jupiter-donut- \">\n<p class=\"h5-size\">A-1220 Wien<\/p>\n<p>Tel.: +43 (1) 2 164 268 \u2013 0<br \/>\nFax: +43 (1) 2 164 268 \u2013 144<br \/>\neMail:\u00a0<a href=\"mailto:office@cnt-online.com\">office@cnt-online.com<\/a><\/p>\n<p class=\"h6-size\">Firmensitz Wien, FN 181223f, Handelsgericht Wien<\/p>\n<p class=\"h6-size\">DVR-Nr.:\u00a01012266<\/p>\n<p class=\"h6-size\">Firmenbuchnummer: 181223f<\/p>\n<p class=\"h6-size\">UID-Nr.: ATU 46884108<\/p>\n<p>Vorstand: DI Mag. Andreas D\u00f6rner<\/p>\n<p>Aufsichtsrats-Vorsitzender: Mag. Gerald Scheweder<\/p>\n<p>Aufsichtsrat: Mag. Hans Haiden, Dr. Christoph Hei\u00dfenberger<\/p>\n<p>Hinweise: Alle Texte auf der CNT-Website wurden gr\u00fcndlich und gewissenhaft gepr\u00fcft. Trotzdem \u00fcbernimmt CNT keine Garantie f\u00fcr die Richtigkeit, Vollst\u00e4ndigkeit und Aktualit\u00e4t der Angaben. Links zu Webseiten Dritter werden Ihnen auf dieser Webseite als reine Serviceleistung bzw. als Hinweis angeboten. F\u00fcr die Inhalte, zu denen verlinkt wird, sind die Anbieter der jeweiligen Seiten verantwortlich. Unser Unternehmen ist in keiner Weise verbunden mit der CNT AG in Karlsruhe. Die CNT AG (Karlsruhe) ist insbesondere auf Standortvernetzung und IP-Telefonie spezialisiert. Den Internetauftritt der CNT AG finden Sie hier:\u00a0<a href=\"https:\/\/www.cnt.net\/\" target=\"_blank\" rel=\"noopener noreferrer\">www.cnt.net<\/a>.<\/p>\n<div class=\"clearboth\"><\/div>\n<\/div>\n<\/div>\n<\/div>\n<\/div>\n<div class=\"clearboth\"><\/div>\n<\/div>\n<div class=\"clearboth\"><\/div>\n<\/div>\n<\/div>\n<div class=\"vc_row-full-width vc_clearfix\"><\/div>\n<div class=\"mk-page-section-wrapper\" data-mk-full-width=\"true\" data-mk-full-width-init=\"true\" data-mk-stretch-content=\"true\">\n<div id=\"page-section-6\" class=\"mk-page-section self-hosted full_layout full-width-6 js-el js-master-row jupiter-donut- mk-in-viewport\" data-intro-effect=\"false\">\n<div class=\"mk-page-section-inner\"><\/div>\n<\/div>\n<\/div>\n<\/div><\/div><\/div><\/div><\/div><div class=\"fusion-fullwidth fullwidth-box fusion-builder-row-2 fusion-flex-container has-pattern-background has-mask-background nonhundred-percent-fullwidth non-hundred-percent-height-scrolling\" style=\"--awb-border-radius-top-left:0px;--awb-border-radius-top-right:0px;--awb-border-radius-bottom-right:0px;--awb-border-radius-bottom-left:0px;--awb-background-color:var(--awb-custom_color_1);--awb-flex-wrap:wrap;\" ><div class=\"fusion-builder-row fusion-row fusion-flex-align-items-flex-start fusion-flex-content-wrap\" style=\"max-width:1248px;margin-left: calc(-4% \/ 2 );margin-right: calc(-4% \/ 2 );\"><div class=\"fusion-layout-column fusion_builder_column fusion-builder-column-1 fusion_builder_column_1_1 1_1 fusion-flex-column\" style=\"--awb-bg-size:cover;--awb-width-large:100%;--awb-margin-top-large:0px;--awb-spacing-right-large:1.92%;--awb-margin-bottom-large:20px;--awb-spacing-left-large:1.92%;--awb-width-medium:100%;--awb-order-medium:0;--awb-spacing-right-medium:1.92%;--awb-spacing-left-medium:1.92%;--awb-width-small:100%;--awb-order-small:0;--awb-spacing-right-small:1.92%;--awb-spacing-left-small:1.92%;\"><div class=\"fusion-column-wrapper fusion-column-has-shadow fusion-flex-justify-content-flex-start fusion-content-layout-column\"><div class=\"fusion-text fusion-text-2\"><h2>PRIVACY POLICY<\/h2>\n<p>Unsere Website verwendet so genannte Cookies. Dabei handelt es sich um kleine Textdateien, die mit Hilfe des Browsers auf Ihrem Endger\u00e4t abgelegt werden. Sie richten keinen Schaden an.<br \/>\nWir nutzen Cookies dazu, unser Angebot nutzerfreundlich zu gestalten. Einige Cookies bleiben auf Ihrem Endger\u00e4t gespeichert, bis Sie diese l\u00f6schen. Sie erm\u00f6glichen es uns, Ihren Browser beim n\u00e4chsten Besuch wiederzuerkennen.<br \/>\nWenn Sie dies nicht w\u00fcnschen, so k\u00f6nnen Sie Ihren Browser so einrichten, dass er Sie \u00fcber das Setzen von Cookies informiert und Sie dies nur im Einzelfall erlauben. Bei der Deaktivierung von Cookies kann die Funktionalit\u00e4t unserer Website eingeschr\u00e4nkt sein.<\/p>\n<\/div><\/div><\/div><\/div><\/div><div id=\"lastsectionid\" class=\"fusion-container-anchor\"><div class=\"fusion-fullwidth fullwidth-box fusion-builder-row-3 fusion-flex-container has-pattern-background has-mask-background nonhundred-percent-fullwidth non-hundred-percent-height-scrolling\" style=\"--awb-border-radius-top-left:0px;--awb-border-radius-top-right:0px;--awb-border-radius-bottom-right:0px;--awb-border-radius-bottom-left:0px;--awb-background-color:rgba(0,0,0,0);--awb-flex-wrap:wrap;\" ><div class=\"fusion-builder-row fusion-row fusion-flex-align-items-flex-start fusion-flex-content-wrap\" style=\"max-width:1248px;margin-left: calc(-4% \/ 2 );margin-right: calc(-4% \/ 2 );\"><div class=\"fusion-layout-column fusion_builder_column fusion-builder-column-2 fusion_builder_column_1_1 1_1 fusion-flex-column\" style=\"--awb-bg-size:cover;--awb-width-large:100%;--awb-margin-top-large:0px;--awb-spacing-right-large:1.92%;--awb-margin-bottom-large:20px;--awb-spacing-left-large:1.92%;--awb-width-medium:100%;--awb-order-medium:0;--awb-spacing-right-medium:1.92%;--awb-spacing-left-medium:1.92%;--awb-width-small:100%;--awb-order-small:0;--awb-spacing-right-small:1.92%;--awb-spacing-left-small:1.92%;\"><div class=\"fusion-column-wrapper fusion-column-has-shadow fusion-flex-justify-content-flex-start fusion-content-layout-column\"><div class=\"fusion-text fusion-text-3\"><h2>WEB-ANALYSE<\/h2>\n<p>Unsere Website verwendet Funktionen des Webanalysedienstes Google Analytics, Google Inc., 1600 Amphitheatre Parkway,Mountain View, CA 94043. Dazu werden Cookies verwendet, die eine Analyse der Benutzung der Website durch Ihre Benutzer erm\u00f6glicht. Die dadurch erzeugten Informationen werden auf den Server des Anbieters \u00fcbertragen und dort gespeichert.<\/p>\n<p>Wir verwenden auf unserer Website einen \u201eFacebook-Pixel\u201c des sozialen Netzwerks Facebook Inc. (\u201eFacebook\u201c). Durch Facebook Pixel k\u00f6nnen den Nutzern unserer Website im Rahmen des Besuchs des sozialen Netzwerkes Facebook oder anderer Websites, die dieses Verfahren ebenfalls nutzen, interessenbezogene Werbeanzeigen (\u201eFacebook-Ads\u201c) angezeigt werden. Mithilfe des Facebook-Pixels k\u00f6nnen wir zus\u00e4tzlich nachvollziehen, wie unsere Marketing-Ma\u00dfnahmen auf Facebook angenommen werden und ggf. Optimierungsma\u00dfnahmen treffen. Folgende personenbezogene Daten werden unter anderem erhoben: Facebook-Benutzer-ID, Browser Informationen, Nutzungsdaten, Pixel-ID, Marketing-Informationen, IP-Adresse, Device Information, Geografischer Standort. Die Speicherdauer des Cookies betr\u00e4gt bis zu 6 Monate nach der letzten Interaktion (dies gilt nur f\u00fcr Cookies, die \u00fcber diese Webseite gesetzt wurden). Falls Sie die Cookie-Speicherung f\u00fcr Facebook deaktivieren m\u00f6chten, m\u00fcssen Sie Ihre Browsereinstellungen \u00e4ndern. Bitte nutzen Sie f\u00fcr n\u00e4here Informationen das Hilfemen\u00fc Ihres Browsers. Hier erfahren Sie mehr \u00fcber die Datenschutzbestimmungen von Facebook: https:\/\/www.facebook.com\/privacy\/explanation bzw. \u00fcber die Cookie-Richtlinie https:\/\/www.facebook.com\/policies\/cookies<\/p>\n<p>Sie k\u00f6nnen dies verhindern, indem Sie Ihren Browser so einrichten, dass keine Cookies gespeichert werden.<\/p>\n<p>Wir haben mit dem Anbieter einen entsprechenden Vertrag zur Auftragsdatenverarbeitung abgeschlossen.<\/p>\n<p>Die Datenverarbeitung erfolgt auf Basis der gesetzlichen Bestimmungen des \u00a7 96 Abs 3 TKG sowie des Art 6 Abs 1 lit a (Einwilligung) und\/oder f (berechtigtes Interesse) der DSGVO.<\/p>\n<p>Unser Anliegen im Sinne der DSGVO (berechtigtes Interesse) ist die Verbesserung unseres Angebotes und unseres Webauftritts. Da uns die Privatsph\u00e4re unserer Nutzer wichtig ist, werden die Nutzerdaten pseudonymisiert.<\/p>\n<\/div><\/div><\/div><\/div><\/div><\/div><\/p>\n","protected":false},"excerpt":{"rendered":"","protected":false},"author":1,"featured_media":0,"parent":0,"menu_order":0,"comment_status":"closed","ping_status":"closed","template":"100-width.php","meta":{"_acf_changed":false,"inline_featured_image":false,"footnotes":""},"class_list":["post-826","page","type-page","status-publish","hentry"],"acf":[],"yoast_head":"<!-- This site is optimized with the Yoast SEO Premium plugin v27.1 (Yoast SEO v27.5) - https:\/\/yoast.com\/product\/yoast-seo-premium-wordpress\/ -->\n<title>Impressum - CNT<\/title>\n<meta name=\"robots\" content=\"noindex, follow\" \/>\n<meta property=\"og:locale\" content=\"de_DE\" \/>\n<meta property=\"og:type\" content=\"article\" \/>\n<meta property=\"og:title\" content=\"Impressum\" \/>\n<meta property=\"og:url\" content=\"https:\/\/www.cnt-online.com\/de\/impressum\/\" \/>\n<meta property=\"og:site_name\" content=\"CNT\" \/>\n<meta property=\"article:modified_time\" content=\"2025-12-17T08:41:11+00:00\" \/>\n<meta name=\"twitter:card\" content=\"summary_large_image\" \/>\n<meta name=\"twitter:label1\" content=\"Gesch\u00e4tzte Lesezeit\" \/>\n\t<meta name=\"twitter:data1\" content=\"3\u00a0Minuten\" \/>\n<script type=\"application\/ld+json\" class=\"yoast-schema-graph\">{\"@context\":\"https:\\\/\\\/schema.org\",\"@graph\":[{\"@type\":\"WebPage\",\"@id\":\"https:\\\/\\\/www.cnt-online.com\\\/de\\\/impressum\\\/\",\"url\":\"https:\\\/\\\/www.cnt-online.com\\\/de\\\/impressum\\\/\",\"name\":\"Impressum - CNT\",\"isPartOf\":{\"@id\":\"https:\\\/\\\/www.cnt-online.com\\\/de\\\/#website\"},\"datePublished\":\"2023-01-04T11:26:41+00:00\",\"dateModified\":\"2025-12-17T08:41:11+00:00\",\"breadcrumb\":{\"@id\":\"https:\\\/\\\/www.cnt-online.com\\\/de\\\/impressum\\\/#breadcrumb\"},\"inLanguage\":\"de\",\"potentialAction\":[{\"@type\":\"ReadAction\",\"target\":[\"https:\\\/\\\/www.cnt-online.com\\\/de\\\/impressum\\\/\"]}]},{\"@type\":\"BreadcrumbList\",\"@id\":\"https:\\\/\\\/www.cnt-online.com\\\/de\\\/impressum\\\/#breadcrumb\",\"itemListElement\":[{\"@type\":\"ListItem\",\"position\":1,\"name\":\"Home\",\"item\":\"https:\\\/\\\/www.cnt-online.com\\\/de\\\/\"},{\"@type\":\"ListItem\",\"position\":2,\"name\":\"Impressum\"}]},{\"@type\":\"WebSite\",\"@id\":\"https:\\\/\\\/www.cnt-online.com\\\/de\\\/#website\",\"url\":\"https:\\\/\\\/www.cnt-online.com\\\/de\\\/\",\"name\":\"CNT\",\"description\":\"Management Consulting\",\"publisher\":{\"@id\":\"https:\\\/\\\/www.cnt-online.com\\\/de\\\/#organization\"},\"potentialAction\":[{\"@type\":\"SearchAction\",\"target\":{\"@type\":\"EntryPoint\",\"urlTemplate\":\"https:\\\/\\\/www.cnt-online.com\\\/de\\\/?s={search_term_string}\"},\"query-input\":{\"@type\":\"PropertyValueSpecification\",\"valueRequired\":true,\"valueName\":\"search_term_string\"}}],\"inLanguage\":\"de\"},{\"@type\":\"Organization\",\"@id\":\"https:\\\/\\\/www.cnt-online.com\\\/de\\\/#organization\",\"name\":\"CNT\",\"url\":\"https:\\\/\\\/www.cnt-online.com\\\/de\\\/\",\"logo\":{\"@type\":\"ImageObject\",\"inLanguage\":\"de\",\"@id\":\"https:\\\/\\\/www.cnt-online.com\\\/de\\\/#\\\/schema\\\/logo\\\/image\\\/\",\"url\":\"https:\\\/\\\/www.cnt-online.com\\\/wp-content\\\/uploads\\\/favicon.png\",\"contentUrl\":\"https:\\\/\\\/www.cnt-online.com\\\/wp-content\\\/uploads\\\/favicon.png\",\"width\":64,\"height\":17,\"caption\":\"CNT\"},\"image\":{\"@id\":\"https:\\\/\\\/www.cnt-online.com\\\/de\\\/#\\\/schema\\\/logo\\\/image\\\/\"}}]}<\/script>\n<!-- \/ Yoast SEO Premium plugin. -->","yoast_head_json":{"title":"Impressum - CNT","robots":{"index":"noindex","follow":"follow"},"og_locale":"de_DE","og_type":"article","og_title":"Impressum","og_url":"https:\/\/www.cnt-online.com\/de\/impressum\/","og_site_name":"CNT","article_modified_time":"2025-12-17T08:41:11+00:00","twitter_card":"summary_large_image","twitter_misc":{"Gesch\u00e4tzte Lesezeit":"3\u00a0Minuten"},"schema":{"@context":"https:\/\/schema.org","@graph":[{"@type":"WebPage","@id":"https:\/\/www.cnt-online.com\/de\/impressum\/","url":"https:\/\/www.cnt-online.com\/de\/impressum\/","name":"Impressum - CNT","isPartOf":{"@id":"https:\/\/www.cnt-online.com\/de\/#website"},"datePublished":"2023-01-04T11:26:41+00:00","dateModified":"2025-12-17T08:41:11+00:00","breadcrumb":{"@id":"https:\/\/www.cnt-online.com\/de\/impressum\/#breadcrumb"},"inLanguage":"de","potentialAction":[{"@type":"ReadAction","target":["https:\/\/www.cnt-online.com\/de\/impressum\/"]}]},{"@type":"BreadcrumbList","@id":"https:\/\/www.cnt-online.com\/de\/impressum\/#breadcrumb","itemListElement":[{"@type":"ListItem","position":1,"name":"Home","item":"https:\/\/www.cnt-online.com\/de\/"},{"@type":"ListItem","position":2,"name":"Impressum"}]},{"@type":"WebSite","@id":"https:\/\/www.cnt-online.com\/de\/#website","url":"https:\/\/www.cnt-online.com\/de\/","name":"CNT","description":"Management Consulting","publisher":{"@id":"https:\/\/www.cnt-online.com\/de\/#organization"},"potentialAction":[{"@type":"SearchAction","target":{"@type":"EntryPoint","urlTemplate":"https:\/\/www.cnt-online.com\/de\/?s={search_term_string}"},"query-input":{"@type":"PropertyValueSpecification","valueRequired":true,"valueName":"search_term_string"}}],"inLanguage":"de"},{"@type":"Organization","@id":"https:\/\/www.cnt-online.com\/de\/#organization","name":"CNT","url":"https:\/\/www.cnt-online.com\/de\/","logo":{"@type":"ImageObject","inLanguage":"de","@id":"https:\/\/www.cnt-online.com\/de\/#\/schema\/logo\/image\/","url":"https:\/\/www.cnt-online.com\/wp-content\/uploads\/favicon.png","contentUrl":"https:\/\/www.cnt-online.com\/wp-content\/uploads\/favicon.png","width":64,"height":17,"caption":"CNT"},"image":{"@id":"https:\/\/www.cnt-online.com\/de\/#\/schema\/logo\/image\/"}}]}},"_links":{"self":[{"href":"https:\/\/www.cnt-online.com\/de\/wp-json\/wp\/v2\/pages\/826","targetHints":{"allow":["GET"]}}],"collection":[{"href":"https:\/\/www.cnt-online.com\/de\/wp-json\/wp\/v2\/pages"}],"about":[{"href":"https:\/\/www.cnt-online.com\/de\/wp-json\/wp\/v2\/types\/page"}],"author":[{"embeddable":true,"href":"https:\/\/www.cnt-online.com\/de\/wp-json\/wp\/v2\/users\/1"}],"replies":[{"embeddable":true,"href":"https:\/\/www.cnt-online.com\/de\/wp-json\/wp\/v2\/comments?post=826"}],"version-history":[{"count":19,"href":"https:\/\/www.cnt-online.com\/de\/wp-json\/wp\/v2\/pages\/826\/revisions"}],"predecessor-version":[{"id":14956,"href":"https:\/\/www.cnt-online.com\/de\/wp-json\/wp\/v2\/pages\/826\/revisions\/14956"}],"wp:attachment":[{"href":"https:\/\/www.cnt-online.com\/de\/wp-json\/wp\/v2\/media?parent=826"}],"curies":[{"name":"wp","href":"https:\/\/api.w.org\/{rel}","templated":true}]}}