{"id":789,"date":"2023-01-20T11:49:20","date_gmt":"2023-01-20T10:49:20","guid":{"rendered":"https:\/\/www.cnt-online.com\/portfolio\/test-automation\/"},"modified":"2025-02-05T09:15:20","modified_gmt":"2025-02-05T08:15:20","slug":"test-automatisierung","status":"publish","type":"page","link":"https:\/\/www.cnt-online.com\/de\/portfolio\/test-automatisierung\/","title":{"rendered":"Test-Automatisierung"},"content":{"rendered":"<p><div class=\"fusion-fullwidth fullwidth-box fusion-builder-row-1 fusion-flex-container has-pattern-background has-mask-background hundred-percent-fullwidth non-hundred-percent-height-scrolling\" style=\"--awb-border-radius-top-left:0px;--awb-border-radius-top-right:0px;--awb-border-radius-bottom-right:0px;--awb-border-radius-bottom-left:0px;--awb-min-height:360px;--awb-background-image:linear-gradient(180deg, var(--awb-color2) 0%,var(--awb-color5) 100%);--awb-flex-wrap:wrap;\" ><div class=\"fusion-builder-row fusion-row fusion-flex-align-items-center fusion-flex-content-wrap\" style=\"width:104% !important;max-width:104% !important;margin-left: calc(-4% \/ 2 );margin-right: calc(-4% \/ 2 );\"><div class=\"fusion-layout-column fusion_builder_column fusion-builder-column-0 fusion_builder_column_1_1 1_1 fusion-flex-column\" style=\"--awb-bg-size:cover;--awb-width-large:100%;--awb-margin-top-large:0px;--awb-spacing-right-large:1.92%;--awb-margin-bottom-large:20px;--awb-spacing-left-large:1.92%;--awb-width-medium:100%;--awb-order-medium:0;--awb-spacing-right-medium:1.92%;--awb-spacing-left-medium:1.92%;--awb-width-small:100%;--awb-order-small:0;--awb-spacing-right-small:1.92%;--awb-spacing-left-small:1.92%;\"><div class=\"fusion-column-wrapper fusion-column-has-shadow fusion-flex-justify-content-flex-start fusion-content-layout-column\"><div class=\"fusion-title title fusion-title-1 fusion-sep-none fusion-title-center fusion-title-text fusion-title-size-one\" style=\"--awb-text-color:#ffffff;\"><h1 class=\"fusion-title-heading title-heading-center fusion-responsive-typography-calculated\" style=\"margin:0;--fontSize:50;line-height:var(--awb-typography1-line-height);\"><h1 style=\"text-align: center;\">Test-Automatisierung<\/h1><\/h1><\/div><\/div><\/div><\/div><\/div><div class=\"fusion-fullwidth fullwidth-box fusion-builder-row-2 fusion-flex-container has-pattern-background has-mask-background nonhundred-percent-fullwidth non-hundred-percent-height-scrolling\" style=\"--awb-border-radius-top-left:0px;--awb-border-radius-top-right:0px;--awb-border-radius-bottom-right:0px;--awb-border-radius-bottom-left:0px;--awb-flex-wrap:wrap;\" ><div class=\"fusion-builder-row fusion-row fusion-flex-align-items-flex-start fusion-flex-content-wrap\" style=\"max-width:1248px;margin-left: calc(-4% \/ 2 );margin-right: calc(-4% \/ 2 );\"><div class=\"fusion-layout-column fusion_builder_column fusion-builder-column-1 fusion_builder_column_1_1 1_1 fusion-flex-column\" style=\"--awb-bg-size:cover;--awb-width-large:100%;--awb-margin-top-large:0px;--awb-spacing-right-large:1.92%;--awb-margin-bottom-large:20px;--awb-spacing-left-large:1.92%;--awb-width-medium:100%;--awb-order-medium:0;--awb-spacing-right-medium:1.92%;--awb-spacing-left-medium:1.92%;--awb-width-small:100%;--awb-order-small:0;--awb-spacing-right-small:1.92%;--awb-spacing-left-small:1.92%;\"><div class=\"fusion-column-wrapper fusion-column-has-shadow fusion-flex-justify-content-flex-start fusion-content-layout-column\"><div class=\"fusion-text fusion-text-1\"><h2><span class=\"title_underline\">Geschwindigkeit<\/span> durch Test-Automatisierung<\/h2>\n<\/div><div class=\"fusion-text fusion-text-2\"><div class=\" vc_custom_1535443407902\">\n<div id=\"text-block-101\" class=\"mk-text-block jupiter-donut- \">\n<p>Wir erm\u00f6glichen Ihrem Team mit Lean Automation, Ihr Gesch\u00e4ft sicherer, schneller und agiler zu gestalten. Wir adaptieren modernste Testprodukte, welche \u00fcber 40 Technologien (HTML, Java, .Net, JSON, \u2026) unterst\u00fctzen und sich reibungslos in diverse IT-Systeme integrieren lassen. Somit k\u00f6nnen End-to-End-Testszenarien \u00fcber verschiedene Applikationen hinweg (Access, SAP, Browser, API, Mail, Mobile, \u2026) komplett automatisiert werden. Als Nebenprodukt entstehen auf Knopfdruck generierte Dokumentationen.<\/p>\n<ul>\n<li>Test-Strategie-Begutachtung<\/li>\n<li>strategische Planung & Aktivierung<\/li>\n<li>\u201eContinuous Testing\u201f-Dienstleistungen<\/li>\n<\/ul>\n<\/div>\n<\/div>\n<\/div><div ><a class=\"fusion-button button-flat fusion-button-default-size button-default fusion-button-default button-1 fusion-button-default-span fusion-button-default-type\" target=\"_self\" href=\"https:\/\/www.cnt-online.com\/wp-content\/uploads\/whitepaper-deutsch.pdf\"><span class=\"fusion-button-text awb-button__text awb-button__text--default\">Kostenloses White Paper herunterladen<\/span><\/a><\/div><\/div><\/div><\/div><\/div><div class=\"fusion-fullwidth fullwidth-box fusion-builder-row-3 fusion-flex-container has-pattern-background has-mask-background nonhundred-percent-fullwidth non-hundred-percent-height-scrolling\" style=\"--awb-border-radius-top-left:0px;--awb-border-radius-top-right:0px;--awb-border-radius-bottom-right:0px;--awb-border-radius-bottom-left:0px;--awb-background-color:var(--awb-custom_color_1);--awb-background-image:linear-gradient(180deg, var(--awb-color1) 0%,var(--awb-color1) 100%);--awb-flex-wrap:wrap;\" ><div class=\"fusion-builder-row fusion-row fusion-flex-align-items-flex-start fusion-flex-content-wrap\" style=\"max-width:1248px;margin-left: calc(-4% \/ 2 );margin-right: calc(-4% \/ 2 );\"><div class=\"fusion-layout-column fusion_builder_column fusion-builder-column-2 fusion_builder_column_1_1 1_1 fusion-flex-column\" style=\"--awb-bg-size:cover;--awb-width-large:100%;--awb-margin-top-large:0px;--awb-spacing-right-large:1.92%;--awb-margin-bottom-large:20px;--awb-spacing-left-large:1.92%;--awb-width-medium:100%;--awb-order-medium:0;--awb-spacing-right-medium:1.92%;--awb-spacing-left-medium:1.92%;--awb-width-small:100%;--awb-order-small:0;--awb-spacing-right-small:1.92%;--awb-spacing-left-small:1.92%;\"><div class=\"fusion-column-wrapper fusion-column-has-shadow fusion-flex-justify-content-flex-start fusion-content-layout-column\"><div class=\"fusion-text fusion-text-3\"><h2><span class=\"title_underline\">Kontaktieren<\/span> Sie uns!<\/h2>\n<\/div><div ><a class=\"fusion-button button-flat fusion-button-default-size button-default fusion-button-default button-2 fusion-button-default-span fusion-button-default-type\" target=\"_self\" href=\"mailto:amin.chirazi@automators.com\"><span class=\"fusion-button-text awb-button__text awb-button__text--default\">Amin Chirazi<\/span><\/a><\/div><\/div><\/div><\/div><\/div><\/p>\n","protected":false},"excerpt":{"rendered":"","protected":false},"author":1,"featured_media":0,"parent":587,"menu_order":90,"comment_status":"closed","ping_status":"closed","template":"100-width.php","meta":{"_acf_changed":false,"inline_featured_image":false,"footnotes":""},"class_list":["post-789","page","type-page","status-publish","hentry"],"acf":[],"yoast_head":"<!-- This site is optimized with the Yoast SEO Premium plugin v27.1 (Yoast SEO v27.3) - https:\/\/yoast.com\/product\/yoast-seo-premium-wordpress\/ -->\n<title>Test-Automatisierung - CNT<\/title>\n<meta name=\"robots\" content=\"index, follow, max-snippet:-1, max-image-preview:large, max-video-preview:-1\" \/>\n<link rel=\"canonical\" href=\"https:\/\/www.cnt-online.com\/de\/portfolio\/test-automatisierung\/\" \/>\n<meta property=\"og:locale\" content=\"de_DE\" \/>\n<meta property=\"og:type\" content=\"article\" \/>\n<meta property=\"og:title\" content=\"Test-Automatisierung\" \/>\n<meta property=\"og:url\" content=\"https:\/\/www.cnt-online.com\/de\/portfolio\/test-automatisierung\/\" \/>\n<meta property=\"og:site_name\" content=\"CNT\" \/>\n<meta property=\"article:modified_time\" content=\"2025-02-05T08:15:20+00:00\" \/>\n<meta name=\"twitter:card\" content=\"summary_large_image\" \/>\n<meta name=\"twitter:label1\" content=\"Gesch\u00e4tzte Lesezeit\" \/>\n\t<meta name=\"twitter:data1\" content=\"1\u00a0Minute\" \/>\n<script type=\"application\/ld+json\" class=\"yoast-schema-graph\">{\"@context\":\"https:\\\/\\\/schema.org\",\"@graph\":[{\"@type\":\"WebPage\",\"@id\":\"https:\\\/\\\/www.cnt-online.com\\\/de\\\/portfolio\\\/test-automatisierung\\\/\",\"url\":\"https:\\\/\\\/www.cnt-online.com\\\/de\\\/portfolio\\\/test-automatisierung\\\/\",\"name\":\"Test-Automatisierung - CNT\",\"isPartOf\":{\"@id\":\"https:\\\/\\\/www.cnt-online.com\\\/de\\\/#website\"},\"datePublished\":\"2023-01-20T10:49:20+00:00\",\"dateModified\":\"2025-02-05T08:15:20+00:00\",\"breadcrumb\":{\"@id\":\"https:\\\/\\\/www.cnt-online.com\\\/de\\\/portfolio\\\/test-automatisierung\\\/#breadcrumb\"},\"inLanguage\":\"de\",\"potentialAction\":[{\"@type\":\"ReadAction\",\"target\":[\"https:\\\/\\\/www.cnt-online.com\\\/de\\\/portfolio\\\/test-automatisierung\\\/\"]}]},{\"@type\":\"BreadcrumbList\",\"@id\":\"https:\\\/\\\/www.cnt-online.com\\\/de\\\/portfolio\\\/test-automatisierung\\\/#breadcrumb\",\"itemListElement\":[{\"@type\":\"ListItem\",\"position\":1,\"name\":\"Home\",\"item\":\"https:\\\/\\\/www.cnt-online.com\\\/de\\\/\"},{\"@type\":\"ListItem\",\"position\":2,\"name\":\"Portfolio\",\"item\":\"https:\\\/\\\/www.cnt-online.com\\\/de\\\/portfolio\\\/\"},{\"@type\":\"ListItem\",\"position\":3,\"name\":\"Test-Automatisierung\"}]},{\"@type\":\"WebSite\",\"@id\":\"https:\\\/\\\/www.cnt-online.com\\\/de\\\/#website\",\"url\":\"https:\\\/\\\/www.cnt-online.com\\\/de\\\/\",\"name\":\"CNT\",\"description\":\"Management Consulting\",\"publisher\":{\"@id\":\"https:\\\/\\\/www.cnt-online.com\\\/de\\\/#organization\"},\"potentialAction\":[{\"@type\":\"SearchAction\",\"target\":{\"@type\":\"EntryPoint\",\"urlTemplate\":\"https:\\\/\\\/www.cnt-online.com\\\/de\\\/?s={search_term_string}\"},\"query-input\":{\"@type\":\"PropertyValueSpecification\",\"valueRequired\":true,\"valueName\":\"search_term_string\"}}],\"inLanguage\":\"de\"},{\"@type\":\"Organization\",\"@id\":\"https:\\\/\\\/www.cnt-online.com\\\/de\\\/#organization\",\"name\":\"CNT\",\"url\":\"https:\\\/\\\/www.cnt-online.com\\\/de\\\/\",\"logo\":{\"@type\":\"ImageObject\",\"inLanguage\":\"de\",\"@id\":\"https:\\\/\\\/www.cnt-online.com\\\/de\\\/#\\\/schema\\\/logo\\\/image\\\/\",\"url\":\"https:\\\/\\\/www.cnt-online.com\\\/wp-content\\\/uploads\\\/favicon.png\",\"contentUrl\":\"https:\\\/\\\/www.cnt-online.com\\\/wp-content\\\/uploads\\\/favicon.png\",\"width\":64,\"height\":17,\"caption\":\"CNT\"},\"image\":{\"@id\":\"https:\\\/\\\/www.cnt-online.com\\\/de\\\/#\\\/schema\\\/logo\\\/image\\\/\"}}]}<\/script>\n<!-- \/ Yoast SEO Premium plugin. -->","yoast_head_json":{"title":"Test-Automatisierung - CNT","robots":{"index":"index","follow":"follow","max-snippet":"max-snippet:-1","max-image-preview":"max-image-preview:large","max-video-preview":"max-video-preview:-1"},"canonical":"https:\/\/www.cnt-online.com\/de\/portfolio\/test-automatisierung\/","og_locale":"de_DE","og_type":"article","og_title":"Test-Automatisierung","og_url":"https:\/\/www.cnt-online.com\/de\/portfolio\/test-automatisierung\/","og_site_name":"CNT","article_modified_time":"2025-02-05T08:15:20+00:00","twitter_card":"summary_large_image","twitter_misc":{"Gesch\u00e4tzte Lesezeit":"1\u00a0Minute"},"schema":{"@context":"https:\/\/schema.org","@graph":[{"@type":"WebPage","@id":"https:\/\/www.cnt-online.com\/de\/portfolio\/test-automatisierung\/","url":"https:\/\/www.cnt-online.com\/de\/portfolio\/test-automatisierung\/","name":"Test-Automatisierung - CNT","isPartOf":{"@id":"https:\/\/www.cnt-online.com\/de\/#website"},"datePublished":"2023-01-20T10:49:20+00:00","dateModified":"2025-02-05T08:15:20+00:00","breadcrumb":{"@id":"https:\/\/www.cnt-online.com\/de\/portfolio\/test-automatisierung\/#breadcrumb"},"inLanguage":"de","potentialAction":[{"@type":"ReadAction","target":["https:\/\/www.cnt-online.com\/de\/portfolio\/test-automatisierung\/"]}]},{"@type":"BreadcrumbList","@id":"https:\/\/www.cnt-online.com\/de\/portfolio\/test-automatisierung\/#breadcrumb","itemListElement":[{"@type":"ListItem","position":1,"name":"Home","item":"https:\/\/www.cnt-online.com\/de\/"},{"@type":"ListItem","position":2,"name":"Portfolio","item":"https:\/\/www.cnt-online.com\/de\/portfolio\/"},{"@type":"ListItem","position":3,"name":"Test-Automatisierung"}]},{"@type":"WebSite","@id":"https:\/\/www.cnt-online.com\/de\/#website","url":"https:\/\/www.cnt-online.com\/de\/","name":"CNT","description":"Management Consulting","publisher":{"@id":"https:\/\/www.cnt-online.com\/de\/#organization"},"potentialAction":[{"@type":"SearchAction","target":{"@type":"EntryPoint","urlTemplate":"https:\/\/www.cnt-online.com\/de\/?s={search_term_string}"},"query-input":{"@type":"PropertyValueSpecification","valueRequired":true,"valueName":"search_term_string"}}],"inLanguage":"de"},{"@type":"Organization","@id":"https:\/\/www.cnt-online.com\/de\/#organization","name":"CNT","url":"https:\/\/www.cnt-online.com\/de\/","logo":{"@type":"ImageObject","inLanguage":"de","@id":"https:\/\/www.cnt-online.com\/de\/#\/schema\/logo\/image\/","url":"https:\/\/www.cnt-online.com\/wp-content\/uploads\/favicon.png","contentUrl":"https:\/\/www.cnt-online.com\/wp-content\/uploads\/favicon.png","width":64,"height":17,"caption":"CNT"},"image":{"@id":"https:\/\/www.cnt-online.com\/de\/#\/schema\/logo\/image\/"}}]}},"_links":{"self":[{"href":"https:\/\/www.cnt-online.com\/de\/wp-json\/wp\/v2\/pages\/789","targetHints":{"allow":["GET"]}}],"collection":[{"href":"https:\/\/www.cnt-online.com\/de\/wp-json\/wp\/v2\/pages"}],"about":[{"href":"https:\/\/www.cnt-online.com\/de\/wp-json\/wp\/v2\/types\/page"}],"author":[{"embeddable":true,"href":"https:\/\/www.cnt-online.com\/de\/wp-json\/wp\/v2\/users\/1"}],"replies":[{"embeddable":true,"href":"https:\/\/www.cnt-online.com\/de\/wp-json\/wp\/v2\/comments?post=789"}],"version-history":[{"count":10,"href":"https:\/\/www.cnt-online.com\/de\/wp-json\/wp\/v2\/pages\/789\/revisions"}],"predecessor-version":[{"id":10806,"href":"https:\/\/www.cnt-online.com\/de\/wp-json\/wp\/v2\/pages\/789\/revisions\/10806"}],"up":[{"embeddable":true,"href":"https:\/\/www.cnt-online.com\/de\/wp-json\/wp\/v2\/pages\/587"}],"wp:attachment":[{"href":"https:\/\/www.cnt-online.com\/de\/wp-json\/wp\/v2\/media?parent=789"}],"curies":[{"name":"wp","href":"https:\/\/api.w.org\/{rel}","templated":true}]}}