{"id":781,"date":"2023-01-20T11:43:22","date_gmt":"2023-01-20T10:43:22","guid":{"rendered":"https:\/\/www.cnt-online.com\/portfolio\/sap-digital-supply-chain\/"},"modified":"2023-10-17T10:31:32","modified_gmt":"2023-10-17T08:31:32","slug":"sap-digital-supply-chain","status":"publish","type":"page","link":"https:\/\/www.cnt-online.com\/de\/portfolio\/sap-digital-supply-chain\/","title":{"rendered":"SAP Digital Supply Chain"},"content":{"rendered":"<p><div class=\"fusion-fullwidth fullwidth-box fusion-builder-row-1 fusion-flex-container has-pattern-background has-mask-background nonhundred-percent-fullwidth non-hundred-percent-height-scrolling\" style=\"--awb-border-radius-top-left:0px;--awb-border-radius-top-right:0px;--awb-border-radius-bottom-right:0px;--awb-border-radius-bottom-left:0px;--awb-flex-wrap:wrap;\" ><div class=\"fusion-builder-row fusion-row fusion-flex-align-items-flex-start fusion-flex-content-wrap\" style=\"max-width:1248px;margin-left: calc(-4% \/ 2 );margin-right: calc(-4% \/ 2 );\"><div class=\"fusion-layout-column fusion_builder_column fusion-builder-column-0 fusion_builder_column_1_1 1_1 fusion-flex-column\" style=\"--awb-bg-size:cover;--awb-width-large:100%;--awb-margin-top-large:0px;--awb-spacing-right-large:1.92%;--awb-margin-bottom-large:20px;--awb-spacing-left-large:1.92%;--awb-width-medium:100%;--awb-order-medium:0;--awb-spacing-right-medium:1.92%;--awb-spacing-left-medium:1.92%;--awb-width-small:100%;--awb-order-small:0;--awb-spacing-right-small:1.92%;--awb-spacing-left-small:1.92%;\"><div class=\"fusion-column-wrapper fusion-column-has-shadow fusion-flex-justify-content-flex-start fusion-content-layout-column\"><div class=\"fusion-title title fusion-title-1 fusion-sep-none fusion-title-text fusion-title-size-one\"><h1 class=\"fusion-title-heading title-heading-left fusion-responsive-typography-calculated\" style=\"margin:0;--fontSize:50;line-height:var(--awb-typography1-line-height);\">SAP Digital Supply Chain<\/h1><\/div><div class=\"fusion-text fusion-text-1\"><p>Die L\u00f6sungen von SAP Digital Supply Chain Management bieten einen ganzheitlichen \u00dcberblick \u00fcber Ihre Lieferkette, von der Beschaffung \u00fcber die Fertigung bis hin zum Vertrieb. Mit Echtzeit-Transparenz und fortschrittlichen Analysen k\u00f6nnen Sie datengest\u00fctzte Entscheidungen treffen, die die Effizienz steigern, Kosten senken und die Kundenzufriedenheit verbessern.<\/p>\n<p>SAP Digital Supply Chain besteht aus einer Reihe von Softwaremodulen, die zusammenarbeiten, um Unternehmen bei der Optimierung ihrer Lieferkette zu unterst\u00fctzen. Ausgehend vom Kernsystem <a href=\"https:\/\/www.cnt-online.com\/de\/s4hana\/\">S\/4HANA<\/a> k\u00f6nnen zus\u00e4tzliche Module implementiert werden, um Ihre Lieferkette weiter zu optimieren. Zu diesen Modulen geh\u00f6ren <a href=\"https:\/\/www.cnt-online.com\/de\/portfolio\/sap-ariba\/\">SAP Ariba<\/a> f\u00fcr die Beschaffung, SAP Digital Manufacturing f\u00fcr die Fertigung, SAP Logistics Business Network f\u00fcr Transport und Logistik und SAP Integrated Business Planning f\u00fcr die Planung der Lieferkette.<\/p>\n<\/div><\/div><\/div><\/div><\/div><div class=\"fusion-fullwidth fullwidth-box fusion-builder-row-2 fusion-flex-container has-pattern-background has-mask-background nonhundred-percent-fullwidth non-hundred-percent-height-scrolling\" style=\"--awb-border-radius-top-left:0px;--awb-border-radius-top-right:0px;--awb-border-radius-bottom-right:0px;--awb-border-radius-bottom-left:0px;--awb-background-color:var(--awb-color2);--awb-flex-wrap:wrap;\" ><div class=\"fusion-builder-row fusion-row fusion-flex-align-items-flex-start fusion-flex-content-wrap\" style=\"max-width:1248px;margin-left: calc(-4% \/ 2 );margin-right: calc(-4% \/ 2 );\"><div class=\"fusion-layout-column fusion_builder_column fusion-builder-column-1 fusion_builder_column_1_1 1_1 fusion-flex-column\" style=\"--awb-bg-size:cover;--awb-width-large:100%;--awb-margin-top-large:0px;--awb-spacing-right-large:1.92%;--awb-margin-bottom-large:20px;--awb-spacing-left-large:1.92%;--awb-width-medium:100%;--awb-order-medium:0;--awb-spacing-right-medium:1.92%;--awb-spacing-left-medium:1.92%;--awb-width-small:100%;--awb-order-small:0;--awb-spacing-right-small:1.92%;--awb-spacing-left-small:1.92%;\"><div class=\"fusion-column-wrapper fusion-column-has-shadow fusion-flex-justify-content-flex-start fusion-content-layout-column\"><div class=\"fusion-text fusion-text-2\" style=\"--awb-text-color:var(--awb-color1);\"><p>Ganz gleich, ob Sie SAP zum ersten Mal einf\u00fchren oder Ihr bestehendes System aktualisieren m\u00f6chten, unser Team verf\u00fcgt \u00fcber die n\u00f6tige Erfahrung, um Sie durch jeden Schritt des Prozesses zu begleiten. Wir arbeiten eng mit Ihnen zusammen, um Ihre individuellen Gesch\u00e4ftsanforderungen und -ziele zu verstehen und eine ma\u00dfgeschneiderte L\u00f6sung zu entwickeln, die zu Ihrem Unternehmen passt.<\/p>\n<p>Wenn Sie mit CNT Management Consulting zusammenarbeiten, profitieren Sie von unserem Fachwissen und unserer Erfahrung, damit Ihr Unternehmen das Beste aus SAP Digital Supply Chain herausholen kann. Wir bieten Ihnen ma\u00dfgeschneiderte Beratungsleistungen und Unterst\u00fctzung, damit Ihre Implementierung ein Erfolg wird.<\/p>\n<p>Wir freuen uns darauf, mit Ihnen zusammenzuarbeiten und Ihrem Unternehmen zu neuen Erfolgen zu verhelfen. Z\u00f6gern Sie nicht und <a href=\"https:\/\/www.cnt-online.com\/de\/about\/kontakt\/\">kontaktieren Sie uns<\/a> jetzt!<\/p>\n<\/div><\/div><\/div><\/div><\/div><div class=\"fusion-fullwidth fullwidth-box fusion-builder-row-3 fusion-flex-container has-pattern-background has-mask-background nonhundred-percent-fullwidth non-hundred-percent-height-scrolling\" style=\"--awb-border-radius-top-left:0px;--awb-border-radius-top-right:0px;--awb-border-radius-bottom-right:0px;--awb-border-radius-bottom-left:0px;--awb-flex-wrap:wrap;\" ><div class=\"fusion-builder-row fusion-row fusion-flex-align-items-flex-start fusion-flex-content-wrap\" style=\"max-width:1248px;margin-left: calc(-4% \/ 2 );margin-right: calc(-4% \/ 2 );\"><div class=\"fusion-layout-column fusion_builder_column fusion-builder-column-2 fusion_builder_column_1_1 1_1 fusion-flex-column\" style=\"--awb-bg-size:cover;--awb-width-large:100%;--awb-margin-top-large:0px;--awb-spacing-right-large:1.92%;--awb-margin-bottom-large:20px;--awb-spacing-left-large:1.92%;--awb-width-medium:100%;--awb-order-medium:0;--awb-spacing-right-medium:1.92%;--awb-spacing-left-medium:1.92%;--awb-width-small:100%;--awb-order-small:0;--awb-spacing-right-small:1.92%;--awb-spacing-left-small:1.92%;\"><div class=\"fusion-column-wrapper fusion-column-has-shadow fusion-flex-justify-content-flex-start fusion-content-layout-column\"><div class=\"fusion-title title fusion-title-2 fusion-sep-none fusion-title-text fusion-title-size-one\"><h1 class=\"fusion-title-heading title-heading-left fusion-responsive-typography-calculated\" style=\"margin:0;--fontSize:50;line-height:var(--awb-typography1-line-height);\"><h2>DIE H\u00c4UFIGSTEN FRAGEN ZU SAP Digital Supply Chain<\/h2><\/h1><\/div><div class=\"fusion-text fusion-text-3\"><p>Sie haben noch offene Fragezeichen? Bei einem solch komplexen Thema ist das nicht verwunderlich. Daher haben wir Ihnen einige\u00a0<strong>h\u00e4ufige Fragen \u00fcber die SAP Digital Supply Chain <\/strong>zusammengetragen und hoffen, \u00fcbrige L\u00fccken zu kl\u00e4ren. Informieren Sie sich jetzt!<\/p>\n<\/div><div class=\"accordian fusion-accordian\" style=\"--awb-border-size:1px;--awb-icon-size:16px;--awb-content-font-size:var(--awb-typography4-font-size);--awb-icon-alignment:left;--awb-hover-color:var(--awb-color2);--awb-border-color:var(--awb-color3);--awb-background-color:var(--awb-color1);--awb-divider-color:var(--awb-color3);--awb-divider-hover-color:var(--awb-color3);--awb-icon-color:var(--awb-color1);--awb-title-color:var(--awb-color8);--awb-content-color:var(--awb-color8);--awb-icon-box-color:var(--awb-color8);--awb-toggle-hover-accent-color:var(--awb-color5);--awb-title-font-family:var(--awb-typography1-font-family);--awb-title-font-weight:var(--awb-typography1-font-weight);--awb-title-font-style:var(--awb-typography1-font-style);--awb-title-font-size:16px;--awb-content-font-family:var(--awb-typography4-font-family);--awb-content-font-weight:var(--awb-typography4-font-weight);--awb-content-font-style:var(--awb-typography4-font-style);\"><div class=\"panel-group fusion-toggle-icon-boxed\" id=\"accordion-781-1\"><div class=\"fusion-panel panel-default panel-491b18463d39cbcde fusion-toggle-has-divider\" style=\"--awb-title-color:var(--awb-color8);--awb-content-color:var(--awb-color8);\"><div class=\"panel-heading\"><h4 class=\"panel-title toggle\" id=\"toggle_491b18463d39cbcde\"><a aria-expanded=\"false\" aria-controls=\"491b18463d39cbcde\" role=\"button\" data-toggle=\"collapse\" data-parent=\"#accordion-781-1\" data-target=\"#491b18463d39cbcde\" href=\"#491b18463d39cbcde\"><span class=\"fusion-toggle-icon-wrapper\" aria-hidden=\"true\"><i class=\"fa-fusion-box active-icon awb-icon-minus\" aria-hidden=\"true\"><\/i><i class=\"fa-fusion-box inactive-icon awb-icon-plus\" aria-hidden=\"true\"><\/i><\/span><span class=\"fusion-toggle-heading\">Was ist SAP Digital Supply Chain Management?<\/span><\/a><\/h4><\/div><div id=\"491b18463d39cbcde\" class=\"panel-collapse collapse \" aria-labelledby=\"toggle_491b18463d39cbcde\"><div class=\"panel-body toggle-content fusion-clearfix\">\n<p>Digital Supply Chain Management (SAP DSCM) ist eine von SAP (Systeme, Anwendungen und Produkte in der Datenverarbeitung) entwickelte Suite von Software und cloudbasierten Werkzeugen, die Unternehmen bei der Optimierung und Umgestaltung ihrer Lieferkettenprozesse mithilfe digitaler Technologien unterst\u00fctzt. Sie wurde entwickelt, um durchg\u00e4ngige Transparenz, Kontrolle und Flexibilit\u00e4t in den Lieferkettenprozessen zu bieten. So k\u00f6nnen Unternehmen ihre Lieferkette besser steuern, auf die Marktdynamik reagieren und Kundenanforderungen effektiver erf\u00fcllen.<\/p>\n<\/div><\/div><\/div><div class=\"fusion-panel panel-default panel-b1983ce57025769e9 fusion-toggle-has-divider\" style=\"--awb-title-color:var(--awb-color8);--awb-content-color:var(--awb-color8);\"><div class=\"panel-heading\"><h4 class=\"panel-title toggle\" id=\"toggle_b1983ce57025769e9\"><a aria-expanded=\"false\" aria-controls=\"b1983ce57025769e9\" role=\"button\" data-toggle=\"collapse\" data-parent=\"#accordion-781-1\" data-target=\"#b1983ce57025769e9\" href=\"#b1983ce57025769e9\"><span class=\"fusion-toggle-icon-wrapper\" aria-hidden=\"true\"><i class=\"fa-fusion-box active-icon awb-icon-minus\" aria-hidden=\"true\"><\/i><i class=\"fa-fusion-box inactive-icon awb-icon-plus\" aria-hidden=\"true\"><\/i><\/span><span class=\"fusion-toggle-heading\">Was sind die Vorteile von SAP Digital Supply Chain Management?<\/span><\/a><\/h4><\/div><div id=\"b1983ce57025769e9\" class=\"panel-collapse collapse \" aria-labelledby=\"toggle_b1983ce57025769e9\"><div class=\"panel-body toggle-content fusion-clearfix\">\n<p>SAP DSCM wurde entwickelt, um Unternehmen bei der Anpassung an die sich schnell ver\u00e4ndernde Gesch\u00e4ftslandschaft zu unterst\u00fctzen, die Kundenzufriedenheit zu verbessern, Kosten zu senken und die Effizienz der gesamten Lieferkette zu steigern. Es bietet eine umfassende Suite von Werkzeugen f\u00fcr verschiedene Aspekte des Lieferkettenmanagements und ist damit eine wertvolle L\u00f6sung f\u00fcr Unternehmen, die ihre Lieferkettenabl\u00e4ufe modernisieren m\u00f6chten.<\/p>\n<\/div><\/div><\/div><div class=\"fusion-panel panel-default panel-6123ed25781f0a74f fusion-toggle-has-divider\" style=\"--awb-title-color:var(--awb-color8);--awb-content-color:var(--awb-color8);\"><div class=\"panel-heading\"><h4 class=\"panel-title toggle\" id=\"toggle_6123ed25781f0a74f\"><a aria-expanded=\"false\" aria-controls=\"6123ed25781f0a74f\" role=\"button\" data-toggle=\"collapse\" data-parent=\"#accordion-781-1\" data-target=\"#6123ed25781f0a74f\" href=\"#6123ed25781f0a74f\"><span class=\"fusion-toggle-icon-wrapper\" aria-hidden=\"true\"><i class=\"fa-fusion-box active-icon awb-icon-minus\" aria-hidden=\"true\"><\/i><i class=\"fa-fusion-box inactive-icon awb-icon-plus\" aria-hidden=\"true\"><\/i><\/span><span class=\"fusion-toggle-heading\">F\u00fcr wen wurde SAP Digital Supply Chain Management entwickelt?<\/span><\/a><\/h4><\/div><div id=\"6123ed25781f0a74f\" class=\"panel-collapse collapse \" aria-labelledby=\"toggle_6123ed25781f0a74f\"><div class=\"panel-body toggle-content fusion-clearfix\">\n<p>Hersteller: Hersteller aller Art, von der diskreten Fertigung (z. B. Automobil, Elektronik) bis zur Prozessfertigung (z. B. Chemie, Lebensmittel und Getr\u00e4nke), k\u00f6nnen von SAP DSCM profitieren, um die Produktion zu optimieren, Best\u00e4nde zu verwalten und ihre Lieferketten zu straffen.<\/p>\n<p>Einzelh\u00e4ndler: Einzelh\u00e4ndler sind auf effiziente Lieferketten angewiesen, um sicherzustellen, dass die Produkte in den Regalen liegen, wenn die Kunden sie brauchen. Mit SAP DSCM k\u00f6nnen Einzelh\u00e4ndler Best\u00e4nde, Nachfrage und Vertrieb effektiver verwalten.<\/p>\n<p>Distributoren und Gro\u00dfh\u00e4ndler: Distributionsunternehmen k\u00f6nnen mit SAP DSCM ihre Bestandsverwaltung, Auftragsabwicklung und logistischen Abl\u00e4ufe verbessern, was zu einem besseren Service und einer besseren Kostenkontrolle f\u00fchrt.<\/p>\n<p>Logistik- und Transportunternehmen: Logistikdienstleister und Transportunternehmen k\u00f6nnen mit SAP DSCM ihre Routen optimieren, Flotten verwalten und die Transportplanung verbessern.<\/p>\n<\/div><\/div><\/div><\/div><\/div><\/div><\/div><\/div><\/div><\/p>\n","protected":false},"excerpt":{"rendered":"","protected":false},"author":1,"featured_media":0,"parent":587,"menu_order":60,"comment_status":"closed","ping_status":"closed","template":"100-width.php","meta":{"_acf_changed":false,"inline_featured_image":false,"footnotes":""},"class_list":["post-781","page","type-page","status-publish","hentry"],"acf":[],"yoast_head":"<!-- This site is optimized with the Yoast SEO Premium plugin v27.1 (Yoast SEO v27.2) - https:\/\/yoast.com\/product\/yoast-seo-premium-wordpress\/ -->\n<title>SAP Digital Supply Chain - CNT<\/title>\n<meta name=\"robots\" content=\"index, follow, max-snippet:-1, max-image-preview:large, max-video-preview:-1\" \/>\n<link rel=\"canonical\" href=\"https:\/\/www.cnt-online.com\/de\/portfolio\/sap-digital-supply-chain\/\" \/>\n<meta property=\"og:locale\" content=\"de_DE\" \/>\n<meta property=\"og:type\" content=\"article\" \/>\n<meta property=\"og:title\" content=\"SAP Digital Supply Chain\" \/>\n<meta property=\"og:url\" content=\"https:\/\/www.cnt-online.com\/de\/portfolio\/sap-digital-supply-chain\/\" \/>\n<meta property=\"og:site_name\" content=\"CNT\" \/>\n<meta property=\"article:modified_time\" content=\"2023-10-17T08:31:32+00:00\" \/>\n<meta name=\"twitter:card\" content=\"summary_large_image\" \/>\n<meta name=\"twitter:label1\" content=\"Gesch\u00e4tzte Lesezeit\" \/>\n\t<meta name=\"twitter:data1\" content=\"8\u00a0Minuten\" \/>\n<script type=\"application\/ld+json\" class=\"yoast-schema-graph\">{\"@context\":\"https:\/\/schema.org\",\"@graph\":[{\"@type\":\"WebPage\",\"@id\":\"https:\/\/www.cnt-online.com\/de\/portfolio\/sap-digital-supply-chain\/\",\"url\":\"https:\/\/www.cnt-online.com\/de\/portfolio\/sap-digital-supply-chain\/\",\"name\":\"SAP Digital Supply Chain - CNT\",\"isPartOf\":{\"@id\":\"https:\/\/www.cnt-online.com\/de\/#website\"},\"datePublished\":\"2023-01-20T10:43:22+00:00\",\"dateModified\":\"2023-10-17T08:31:32+00:00\",\"breadcrumb\":{\"@id\":\"https:\/\/www.cnt-online.com\/de\/portfolio\/sap-digital-supply-chain\/#breadcrumb\"},\"inLanguage\":\"de\",\"potentialAction\":[{\"@type\":\"ReadAction\",\"target\":[\"https:\/\/www.cnt-online.com\/de\/portfolio\/sap-digital-supply-chain\/\"]}]},{\"@type\":\"BreadcrumbList\",\"@id\":\"https:\/\/www.cnt-online.com\/de\/portfolio\/sap-digital-supply-chain\/#breadcrumb\",\"itemListElement\":[{\"@type\":\"ListItem\",\"position\":1,\"name\":\"Home\",\"item\":\"https:\/\/www.cnt-online.com\/de\/\"},{\"@type\":\"ListItem\",\"position\":2,\"name\":\"Portfolio\",\"item\":\"https:\/\/www.cnt-online.com\/de\/portfolio\/\"},{\"@type\":\"ListItem\",\"position\":3,\"name\":\"SAP Digital Supply Chain\"}]},{\"@type\":\"WebSite\",\"@id\":\"https:\/\/www.cnt-online.com\/de\/#website\",\"url\":\"https:\/\/www.cnt-online.com\/de\/\",\"name\":\"CNT\",\"description\":\"Management Consulting\",\"publisher\":{\"@id\":\"https:\/\/www.cnt-online.com\/de\/#organization\"},\"potentialAction\":[{\"@type\":\"SearchAction\",\"target\":{\"@type\":\"EntryPoint\",\"urlTemplate\":\"https:\/\/www.cnt-online.com\/de\/?s={search_term_string}\"},\"query-input\":{\"@type\":\"PropertyValueSpecification\",\"valueRequired\":true,\"valueName\":\"search_term_string\"}}],\"inLanguage\":\"de\"},{\"@type\":\"Organization\",\"@id\":\"https:\/\/www.cnt-online.com\/de\/#organization\",\"name\":\"CNT\",\"url\":\"https:\/\/www.cnt-online.com\/de\/\",\"logo\":{\"@type\":\"ImageObject\",\"inLanguage\":\"de\",\"@id\":\"https:\/\/www.cnt-online.com\/de\/#\/schema\/logo\/image\/\",\"url\":\"https:\/\/www.cnt-online.com\/wp-content\/uploads\/favicon.png\",\"contentUrl\":\"https:\/\/www.cnt-online.com\/wp-content\/uploads\/favicon.png\",\"width\":64,\"height\":17,\"caption\":\"CNT\"},\"image\":{\"@id\":\"https:\/\/www.cnt-online.com\/de\/#\/schema\/logo\/image\/\"}}]}<\/script>\n<!-- \/ Yoast SEO Premium plugin. -->","yoast_head_json":{"title":"SAP Digital Supply Chain - CNT","robots":{"index":"index","follow":"follow","max-snippet":"max-snippet:-1","max-image-preview":"max-image-preview:large","max-video-preview":"max-video-preview:-1"},"canonical":"https:\/\/www.cnt-online.com\/de\/portfolio\/sap-digital-supply-chain\/","og_locale":"de_DE","og_type":"article","og_title":"SAP Digital Supply Chain","og_url":"https:\/\/www.cnt-online.com\/de\/portfolio\/sap-digital-supply-chain\/","og_site_name":"CNT","article_modified_time":"2023-10-17T08:31:32+00:00","twitter_card":"summary_large_image","twitter_misc":{"Gesch\u00e4tzte Lesezeit":"8\u00a0Minuten"},"schema":{"@context":"https:\/\/schema.org","@graph":[{"@type":"WebPage","@id":"https:\/\/www.cnt-online.com\/de\/portfolio\/sap-digital-supply-chain\/","url":"https:\/\/www.cnt-online.com\/de\/portfolio\/sap-digital-supply-chain\/","name":"SAP Digital Supply Chain - CNT","isPartOf":{"@id":"https:\/\/www.cnt-online.com\/de\/#website"},"datePublished":"2023-01-20T10:43:22+00:00","dateModified":"2023-10-17T08:31:32+00:00","breadcrumb":{"@id":"https:\/\/www.cnt-online.com\/de\/portfolio\/sap-digital-supply-chain\/#breadcrumb"},"inLanguage":"de","potentialAction":[{"@type":"ReadAction","target":["https:\/\/www.cnt-online.com\/de\/portfolio\/sap-digital-supply-chain\/"]}]},{"@type":"BreadcrumbList","@id":"https:\/\/www.cnt-online.com\/de\/portfolio\/sap-digital-supply-chain\/#breadcrumb","itemListElement":[{"@type":"ListItem","position":1,"name":"Home","item":"https:\/\/www.cnt-online.com\/de\/"},{"@type":"ListItem","position":2,"name":"Portfolio","item":"https:\/\/www.cnt-online.com\/de\/portfolio\/"},{"@type":"ListItem","position":3,"name":"SAP Digital Supply Chain"}]},{"@type":"WebSite","@id":"https:\/\/www.cnt-online.com\/de\/#website","url":"https:\/\/www.cnt-online.com\/de\/","name":"CNT","description":"Management Consulting","publisher":{"@id":"https:\/\/www.cnt-online.com\/de\/#organization"},"potentialAction":[{"@type":"SearchAction","target":{"@type":"EntryPoint","urlTemplate":"https:\/\/www.cnt-online.com\/de\/?s={search_term_string}"},"query-input":{"@type":"PropertyValueSpecification","valueRequired":true,"valueName":"search_term_string"}}],"inLanguage":"de"},{"@type":"Organization","@id":"https:\/\/www.cnt-online.com\/de\/#organization","name":"CNT","url":"https:\/\/www.cnt-online.com\/de\/","logo":{"@type":"ImageObject","inLanguage":"de","@id":"https:\/\/www.cnt-online.com\/de\/#\/schema\/logo\/image\/","url":"https:\/\/www.cnt-online.com\/wp-content\/uploads\/favicon.png","contentUrl":"https:\/\/www.cnt-online.com\/wp-content\/uploads\/favicon.png","width":64,"height":17,"caption":"CNT"},"image":{"@id":"https:\/\/www.cnt-online.com\/de\/#\/schema\/logo\/image\/"}}]}},"_links":{"self":[{"href":"https:\/\/www.cnt-online.com\/de\/wp-json\/wp\/v2\/pages\/781","targetHints":{"allow":["GET"]}}],"collection":[{"href":"https:\/\/www.cnt-online.com\/de\/wp-json\/wp\/v2\/pages"}],"about":[{"href":"https:\/\/www.cnt-online.com\/de\/wp-json\/wp\/v2\/types\/page"}],"author":[{"embeddable":true,"href":"https:\/\/www.cnt-online.com\/de\/wp-json\/wp\/v2\/users\/1"}],"replies":[{"embeddable":true,"href":"https:\/\/www.cnt-online.com\/de\/wp-json\/wp\/v2\/comments?post=781"}],"version-history":[{"count":6,"href":"https:\/\/www.cnt-online.com\/de\/wp-json\/wp\/v2\/pages\/781\/revisions"}],"predecessor-version":[{"id":5724,"href":"https:\/\/www.cnt-online.com\/de\/wp-json\/wp\/v2\/pages\/781\/revisions\/5724"}],"up":[{"embeddable":true,"href":"https:\/\/www.cnt-online.com\/de\/wp-json\/wp\/v2\/pages\/587"}],"wp:attachment":[{"href":"https:\/\/www.cnt-online.com\/de\/wp-json\/wp\/v2\/media?parent=781"}],"curies":[{"name":"wp","href":"https:\/\/api.w.org\/{rel}","templated":true}]}}