{"id":7358,"date":"2024-01-08T14:05:50","date_gmt":"2024-01-08T13:05:50","guid":{"rendered":"https:\/\/www.cnt-online.com\/?page_id=7358"},"modified":"2024-04-16T08:25:07","modified_gmt":"2024-04-16T06:25:07","slug":"trilogie-der-supply-chain","status":"publish","type":"page","link":"https:\/\/www.cnt-online.com\/de\/trilogie-der-supply-chain\/","title":{"rendered":"Trilogie der Supply Chain"},"content":{"rendered":"<p><div class=\"fusion-fullwidth fullwidth-box fusion-builder-row-1 fusion-flex-container has-pattern-background has-mask-background nonhundred-percent-fullwidth non-hundred-percent-height-scrolling\" style=\"--awb-border-radius-top-left:0px;--awb-border-radius-top-right:0px;--awb-border-radius-bottom-right:0px;--awb-border-radius-bottom-left:0px;--awb-flex-wrap:wrap;\" ><div class=\"fusion-builder-row fusion-row fusion-flex-align-items-flex-start fusion-flex-content-wrap\" style=\"max-width:1248px;margin-left: calc(-4% \/ 2 );margin-right: calc(-4% \/ 2 );\"><div class=\"fusion-layout-column fusion_builder_column fusion-builder-column-0 fusion_builder_column_1_1 1_1 fusion-flex-column\" style=\"--awb-bg-size:cover;--awb-width-large:100%;--awb-margin-top-large:0px;--awb-spacing-right-large:1.92%;--awb-margin-bottom-large:20px;--awb-spacing-left-large:1.92%;--awb-width-medium:100%;--awb-order-medium:0;--awb-spacing-right-medium:1.92%;--awb-spacing-left-medium:1.92%;--awb-width-small:100%;--awb-order-small:0;--awb-spacing-right-small:1.92%;--awb-spacing-left-small:1.92%;\"><div class=\"fusion-column-wrapper fusion-column-has-shadow fusion-flex-justify-content-flex-start fusion-content-layout-column\"><div class=\"fusion-text fusion-text-1\"><h1><img decoding=\"async\" class=\"aligncenter wp-image-7501 size-full\" src=\"https:\/\/www.cnt-online.com\/wp-content\/uploads\/header-1.png\" alt=\"\" width=\"1920\" height=\"600\" srcset=\"https:\/\/www.cnt-online.com\/wp-content\/uploads\/header-1-200x63.png 200w, https:\/\/www.cnt-online.com\/wp-content\/uploads\/header-1-300x94.png 300w, https:\/\/www.cnt-online.com\/wp-content\/uploads\/header-1-400x125.png 400w, https:\/\/www.cnt-online.com\/wp-content\/uploads\/header-1-600x188.png 600w, https:\/\/www.cnt-online.com\/wp-content\/uploads\/header-1-768x240.png 768w, https:\/\/www.cnt-online.com\/wp-content\/uploads\/header-1-800x250.png 800w, https:\/\/www.cnt-online.com\/wp-content\/uploads\/header-1-1024x320.png 1024w, https:\/\/www.cnt-online.com\/wp-content\/uploads\/header-1-1200x375.png 1200w, https:\/\/www.cnt-online.com\/wp-content\/uploads\/header-1-1536x480.png 1536w, https:\/\/www.cnt-online.com\/wp-content\/uploads\/header-1.png 1920w\" sizes=\"(max-width: 1920px) 100vw, 1920px\" \/><\/h1>\n<\/div><\/div><\/div><\/div><\/div><div class=\"fusion-fullwidth fullwidth-box fusion-builder-row-2 fusion-flex-container has-pattern-background has-mask-background nonhundred-percent-fullwidth non-hundred-percent-height-scrolling\" style=\"--awb-border-radius-top-left:0px;--awb-border-radius-top-right:0px;--awb-border-radius-bottom-right:0px;--awb-border-radius-bottom-left:0px;--awb-flex-wrap:wrap;\" ><div class=\"fusion-builder-row fusion-row fusion-flex-align-items-flex-start fusion-flex-content-wrap\" style=\"max-width:1248px;margin-left: calc(-4% \/ 2 );margin-right: calc(-4% \/ 2 );\"><div class=\"fusion-layout-column fusion_builder_column fusion-builder-column-1 fusion_builder_column_1_1 1_1 fusion-flex-column\" style=\"--awb-bg-size:cover;--awb-width-large:100%;--awb-margin-top-large:0px;--awb-spacing-right-large:1.92%;--awb-margin-bottom-large:20px;--awb-spacing-left-large:1.92%;--awb-width-medium:100%;--awb-order-medium:0;--awb-spacing-right-medium:1.92%;--awb-spacing-left-medium:1.92%;--awb-width-small:100%;--awb-order-small:0;--awb-spacing-right-small:1.92%;--awb-spacing-left-small:1.92%;\"><div class=\"fusion-column-wrapper fusion-column-has-shadow fusion-flex-justify-content-flex-start fusion-content-layout-column\"><div class=\"fusion-text fusion-text-2 fusion-text-no-margin\" style=\"--awb-margin-bottom:20px;\"><h1 style=\"text-align: center;\">Trilogie der Supply Chain<\/h1>\n<\/div><div class=\"fusion-text fusion-text-3\"><p style=\"text-align: center;\"><strong>Wir freuen uns, Sie herzlich zu unserem bevorstehenden Webinar einzuladen, das gemeinsam von CNT Management Consulting, <span class=\"ui-provider a b c d e f g h i j k l m n o p q r s t u v w x y z ab ac ae af ag ah ai aj ak\" dir=\"ltr\">TALENT-net<\/span> und <span class=\"ui-provider a b c d e f g h i j k l m n o p q r s t u v w x y z ab ac ae af ag ah ai aj ak\" dir=\"ltr\">Q_PERIOR<\/span> durchgef\u00fchrt wird.<\/strong><\/p>\n<p style=\"text-align: center;\">Die \u201eTrilogie der Supply Chain\u201c besteht aus drei aufeinanderfolgenden Sessions, die sich mit den Schl\u00fcsselthemen Nachhaltigkeit, Digitalisierung und Kompetenzen auseinandersetzen. Jede Session bietet Einblicke in aktuelle Herausforderungen, bew\u00e4hrte Vorgehensweisen und praxisnahe Beispiele.<\/p>\n<p style=\"text-align: center;\">Wir sind \u00fcberzeugt, dass diese Trilogie Ihnen wertvolle Einblicke und praxisnahe L\u00f6sungsans\u00e4tze f\u00fcr Ihre Supply Chain bietet.<\/p>\n<p style=\"text-align: center;\">Wir freuen uns auf Ihre Teilnahme und den gemeinsamen Austausch.<\/p>\n<\/div><div style=\"text-align:center;\"><a class=\"fusion-button button-flat fusion-button-default-size button-default fusion-button-default button-1 fusion-button-default-span fusion-button-default-type\" style=\"--button_margin-top:20px;\" target=\"_self\" href=\"https:\/\/share-eu1.hsforms.com\/1DzVYt7jNQruAE72uxpWqUQf00t9\"><span class=\"fusion-button-text awb-button__text awb-button__text--default\">Download Recordings Session 1-3<\/span><\/a><\/div><\/div><\/div><\/div><\/div><div class=\"fusion-fullwidth fullwidth-box fusion-builder-row-3 fusion-flex-container has-pattern-background has-mask-background nonhundred-percent-fullwidth non-hundred-percent-height-scrolling\" style=\"--awb-border-radius-top-left:0px;--awb-border-radius-top-right:0px;--awb-border-radius-bottom-right:0px;--awb-border-radius-bottom-left:0px;--awb-background-color:var(--awb-custom_color_1);--awb-flex-wrap:wrap;\" ><div class=\"fusion-builder-row fusion-row fusion-flex-align-items-flex-start fusion-flex-content-wrap\" style=\"max-width:1248px;margin-left: calc(-4% \/ 2 );margin-right: calc(-4% \/ 2 );\"><div class=\"fusion-layout-column fusion_builder_column fusion-builder-column-2 fusion_builder_column_1_3 1_3 fusion-flex-column\" style=\"--awb-padding-left:10px;--awb-bg-size:cover;--awb-width-large:33.333333333333%;--awb-margin-top-large:0px;--awb-spacing-right-large:5.76%;--awb-margin-bottom-large:20px;--awb-spacing-left-large:5.76%;--awb-width-medium:33.333333333333%;--awb-order-medium:0;--awb-spacing-right-medium:5.76%;--awb-spacing-left-medium:5.76%;--awb-width-small:100%;--awb-order-small:0;--awb-spacing-right-small:1.92%;--awb-spacing-left-small:1.92%;\" data-scroll-devices=\"small-visibility,medium-visibility,large-visibility\"><div class=\"fusion-column-wrapper fusion-column-has-shadow fusion-flex-justify-content-flex-start fusion-content-layout-column\"><div class=\"fusion-text fusion-text-4\"><h3 style=\"text-align: center;\"><strong>SESSION 1: NACHHALTIGKEIT<\/strong><\/h3>\n<p style=\"text-align: center;\">Datum: 27. Februar 2024<br \/>\nUhrzeit: 13:30 Uhr<\/p>\n<p style=\"text-align: center;\">Das Europ\u00e4ische Parlament hat sich Ende 2023 auf die Inhalte zur Corporate Sustainability Due Diligence Directive (CSDDD) geeinigt, dies bedeutet in weiterer Folge h\u00f6here Anforderungen an Unternehmen zur Berichterstattung zum Thema Nachhaltigkeit.<br \/>\nIm ersten Teil der \u201eTrilogie der Supply Chain\u201c beleuchten wir dieses Thema aus verschiedenen Gesichtspunkten.<br \/>\nErfahren Sie was eigentlich hinter den drei Buchstaben E \u2013 Environment, S \u2013 Social und G \u2013 Governance steckt und welche Aspekte Sie im Rahmen des Sustainability Circles beachten sollten.<\/p>\n<\/div><\/div><\/div><div class=\"fusion-layout-column fusion_builder_column fusion-builder-column-3 fusion_builder_column_1_3 1_3 fusion-flex-column\" style=\"--awb-padding-right:10px;--awb-padding-left:10px;--awb-bg-size:cover;--awb-width-large:33.333333333333%;--awb-margin-top-large:0px;--awb-spacing-right-large:5.76%;--awb-margin-bottom-large:20px;--awb-spacing-left-large:5.76%;--awb-width-medium:33.333333333333%;--awb-order-medium:0;--awb-spacing-right-medium:5.76%;--awb-spacing-left-medium:5.76%;--awb-width-small:100%;--awb-order-small:0;--awb-spacing-right-small:1.92%;--awb-spacing-left-small:1.92%;\" data-scroll-devices=\"small-visibility,medium-visibility,large-visibility\"><div class=\"fusion-column-wrapper fusion-column-has-shadow fusion-flex-justify-content-flex-start fusion-content-layout-column\"><div class=\"fusion-text fusion-text-5\"><h3 style=\"text-align: center;\"><strong>SESSION 2: DIGITALISIERUNG<br \/>\n<\/strong><\/h3>\n<p style=\"text-align: center;\">Datum: 05. M\u00e4rz 2024<br \/>\nUhrzeit: 13:30 Uhr<\/p>\n<p style=\"text-align: center;\">In der aktuellen Zeit sind die Herausforderungen an die Supply Chain komplex und mannigfaltig.<br \/>\nIm zweiten Teil der \u201eTrilogie der Supply Chain\u201c wird auf relevante Fragestellungen eingegangen, mit welchen sich Unternehmen in Bezug auf die aktuelle Situation der Supply Chain auseinandersetzen sollten.<br \/>\nNeben einer bew\u00e4hrten Best-Practice-Vorgehensweise werden Massnahmen und ein Praxisbeispiel zur Resilienzerh\u00f6hung der Supply Chain pr\u00e4sentiert.<\/p>\n<\/div><\/div><\/div><div class=\"fusion-layout-column fusion_builder_column fusion-builder-column-4 fusion_builder_column_1_3 1_3 fusion-flex-column\" style=\"--awb-padding-right:10px;--awb-bg-size:cover;--awb-width-large:33.333333333333%;--awb-margin-top-large:0px;--awb-spacing-right-large:5.76%;--awb-margin-bottom-large:20px;--awb-spacing-left-large:5.76%;--awb-width-medium:33.333333333333%;--awb-order-medium:0;--awb-spacing-right-medium:5.76%;--awb-spacing-left-medium:5.76%;--awb-width-small:100%;--awb-order-small:0;--awb-spacing-right-small:1.92%;--awb-spacing-left-small:1.92%;\" data-scroll-devices=\"small-visibility,medium-visibility,large-visibility\"><div class=\"fusion-column-wrapper fusion-column-has-shadow fusion-flex-justify-content-flex-start fusion-content-layout-column\"><div class=\"fusion-text fusion-text-6\"><h3 style=\"text-align: center;\"><strong>SESSION 3: KOMPETENZEN<br \/>\n<\/strong><\/h3>\n<p style=\"text-align: center;\">Datum: 12. M\u00e4rz 2024<br \/>\nUhrzeit: 13:30 Uhr<\/p>\n<p style=\"text-align: center;\">Alle guten Dinge sind drei!<br \/>\nNachdem wir im ersten Teil die drei Gesichtspunkte (Environment, Social und Governance) und im zweiten die Digitalisierung beleuchtet haben, werden wir im dritten Teil das Thema Kompetenzen der Zukunft beleuchten.<br \/>\nAlle vorher genannten Herausforderungen k\u00f6nnen nur erfolgreich umgesetzt werden, wenn Ihre Mitarbeitenden die n\u00f6tigen fachlichen und \u00fcberfachlichen Kompetenzen erhalten bzw. entwickeln k\u00f6nnen. Wie Sie diesen Prozess unterst\u00fctzen k\u00f6nnen und m\u00fcssen, ist Bestandteil des letzten Webinars dieser Reihe.<\/p>\n<\/div><\/div><\/div><div class=\"fusion-layout-column fusion_builder_column fusion-builder-column-5 fusion_builder_column_1_3 1_3 fusion-flex-column\" style=\"--awb-bg-size:cover;--awb-width-large:33.333333333333%;--awb-margin-top-large:0px;--awb-spacing-right-large:5.76%;--awb-margin-bottom-large:20px;--awb-spacing-left-large:5.76%;--awb-width-medium:33.333333333333%;--awb-order-medium:0;--awb-spacing-right-medium:5.76%;--awb-spacing-left-medium:5.76%;--awb-width-small:100%;--awb-order-small:0;--awb-spacing-right-small:1.92%;--awb-spacing-left-small:1.92%;\"><div class=\"fusion-column-wrapper fusion-column-has-shadow fusion-flex-justify-content-flex-start fusion-content-layout-column\"><div class=\"fusion-image-element \" style=\"text-align:center;--awb-caption-title-font-family:var(--h2_typography-font-family);--awb-caption-title-font-weight:var(--h2_typography-font-weight);--awb-caption-title-font-style:var(--h2_typography-font-style);--awb-caption-title-size:var(--h2_typography-font-size);--awb-caption-title-transform:var(--h2_typography-text-transform);--awb-caption-title-line-height:var(--h2_typography-line-height);--awb-caption-title-letter-spacing:var(--h2_typography-letter-spacing);\"><span class=\" fusion-imageframe imageframe-none imageframe-1 hover-type-none equal-height\"><img decoding=\"async\" width=\"150\" height=\"150\" title=\"Susanne Wagner\" src=\"https:\/\/www.cnt-online.com\/wp-content\/uploads\/Nicht-benannt-85.png\" alt class=\"img-responsive wp-image-7536\" srcset=\"https:\/\/www.cnt-online.com\/wp-content\/uploads\/Nicht-benannt-85-66x66.png 66w, https:\/\/www.cnt-online.com\/wp-content\/uploads\/Nicht-benannt-85.png 150w\" sizes=\"(max-width: 150px) 100vw, 150px\" \/><\/span><\/div><div class=\"fusion-text fusion-text-7 equal-height\" style=\"--awb-margin-top:10px;\"><p style=\"text-align: center;\"><strong>Susanne Wagner<\/strong><br \/>\nExecutive | Spend Management<\/p>\n<p style=\"text-align: center;\">CNT Management Consulting<\/p>\n<\/div><\/div><\/div><div class=\"fusion-layout-column fusion_builder_column fusion-builder-column-6 fusion_builder_column_1_3 1_3 fusion-flex-column\" style=\"--awb-bg-size:cover;--awb-width-large:33.333333333333%;--awb-margin-top-large:0px;--awb-spacing-right-large:5.76%;--awb-margin-bottom-large:20px;--awb-spacing-left-large:5.76%;--awb-width-medium:33.333333333333%;--awb-order-medium:0;--awb-spacing-right-medium:5.76%;--awb-spacing-left-medium:5.76%;--awb-width-small:100%;--awb-order-small:0;--awb-spacing-right-small:1.92%;--awb-spacing-left-small:1.92%;\"><div class=\"fusion-column-wrapper fusion-column-has-shadow fusion-flex-justify-content-flex-start fusion-content-layout-column\"><div class=\"fusion-image-element \" style=\"text-align:center;--awb-caption-title-font-family:var(--h2_typography-font-family);--awb-caption-title-font-weight:var(--h2_typography-font-weight);--awb-caption-title-font-style:var(--h2_typography-font-style);--awb-caption-title-size:var(--h2_typography-font-size);--awb-caption-title-transform:var(--h2_typography-text-transform);--awb-caption-title-line-height:var(--h2_typography-line-height);--awb-caption-title-letter-spacing:var(--h2_typography-letter-spacing);\"><span class=\" fusion-imageframe imageframe-none imageframe-2 hover-type-none equal-height\"><img decoding=\"async\" width=\"150\" height=\"150\" title=\"Patrick Sarbach\" src=\"https:\/\/www.cnt-online.com\/wp-content\/uploads\/Nicht-benannt-86.png\" alt class=\"img-responsive wp-image-7538\" srcset=\"https:\/\/www.cnt-online.com\/wp-content\/uploads\/Nicht-benannt-86-66x66.png 66w, https:\/\/www.cnt-online.com\/wp-content\/uploads\/Nicht-benannt-86.png 150w\" sizes=\"(max-width: 150px) 100vw, 150px\" \/><\/span><\/div><div class=\"fusion-text fusion-text-8 equal-height\" style=\"--awb-margin-top:10px;\"><p style=\"text-align: center;\"><strong>Patrick Sarbach<br \/>\n<\/strong>Associate Partner<\/p>\n<p style=\"text-align: center;\">Q_PERIOR<\/p>\n<\/div><\/div><\/div><div class=\"fusion-layout-column fusion_builder_column fusion-builder-column-7 fusion_builder_column_1_3 1_3 fusion-flex-column\" style=\"--awb-bg-size:cover;--awb-width-large:33.333333333333%;--awb-margin-top-large:0px;--awb-spacing-right-large:5.76%;--awb-margin-bottom-large:20px;--awb-spacing-left-large:5.76%;--awb-width-medium:33.333333333333%;--awb-order-medium:0;--awb-spacing-right-medium:5.76%;--awb-spacing-left-medium:5.76%;--awb-width-small:100%;--awb-order-small:0;--awb-spacing-right-small:1.92%;--awb-spacing-left-small:1.92%;\"><div class=\"fusion-column-wrapper fusion-column-has-shadow fusion-flex-justify-content-flex-start fusion-content-layout-column\"><div class=\"fusion-image-element \" style=\"text-align:center;--awb-caption-title-font-family:var(--h2_typography-font-family);--awb-caption-title-font-weight:var(--h2_typography-font-weight);--awb-caption-title-font-style:var(--h2_typography-font-style);--awb-caption-title-size:var(--h2_typography-font-size);--awb-caption-title-transform:var(--h2_typography-text-transform);--awb-caption-title-line-height:var(--h2_typography-line-height);--awb-caption-title-letter-spacing:var(--h2_typography-letter-spacing);\"><span class=\" fusion-imageframe imageframe-none imageframe-3 hover-type-none equal-height\"><img decoding=\"async\" width=\"150\" height=\"150\" title=\"Axel Butterweck\" src=\"https:\/\/www.cnt-online.com\/wp-content\/uploads\/Nicht-benannt-89.png\" alt class=\"img-responsive wp-image-7544\" srcset=\"https:\/\/www.cnt-online.com\/wp-content\/uploads\/Nicht-benannt-89-66x66.png 66w, https:\/\/www.cnt-online.com\/wp-content\/uploads\/Nicht-benannt-89.png 150w\" sizes=\"(max-width: 150px) 100vw, 150px\" \/><\/span><\/div><div class=\"fusion-text fusion-text-9 equal-height\" style=\"--awb-margin-top:10px;\"><p style=\"text-align: center;\"><strong>Axel Butterweck<br \/>\n<\/strong>Gesch\u00e4ftsf\u00fchrer<\/p>\n<p style=\"text-align: center;\">TALENT-net<\/p>\n<\/div><\/div><\/div><\/div><\/div><\/p>\n","protected":false},"excerpt":{"rendered":"","protected":false},"author":3,"featured_media":0,"parent":0,"menu_order":0,"comment_status":"closed","ping_status":"closed","template":"100-width.php","meta":{"_acf_changed":false,"inline_featured_image":false,"footnotes":""},"class_list":["post-7358","page","type-page","status-publish","hentry"],"acf":[],"yoast_head":"<!-- This site is optimized with the Yoast SEO Premium plugin v27.1 (Yoast SEO v27.2) - https:\/\/yoast.com\/product\/yoast-seo-premium-wordpress\/ -->\n<title>Trilogie der Supply Chain - CNT<\/title>\n<meta name=\"robots\" content=\"index, follow, max-snippet:-1, max-image-preview:large, max-video-preview:-1\" \/>\n<link rel=\"canonical\" href=\"https:\/\/www.cnt-online.com\/de\/trilogie-der-supply-chain\/\" \/>\n<meta property=\"og:locale\" content=\"de_DE\" \/>\n<meta property=\"og:type\" content=\"article\" \/>\n<meta property=\"og:title\" content=\"Trilogie der Supply Chain\" \/>\n<meta property=\"og:url\" content=\"https:\/\/www.cnt-online.com\/de\/trilogie-der-supply-chain\/\" \/>\n<meta property=\"og:site_name\" content=\"CNT\" \/>\n<meta property=\"article:modified_time\" content=\"2024-04-16T06:25:07+00:00\" \/>\n<meta property=\"og:image\" content=\"https:\/\/www.cnt-online.com\/wp-content\/uploads\/header-1.png\" \/>\n<meta name=\"twitter:card\" content=\"summary_large_image\" \/>\n<meta name=\"twitter:label1\" content=\"Gesch\u00e4tzte Lesezeit\" \/>\n\t<meta name=\"twitter:data1\" content=\"3\u00a0Minuten\" \/>\n<script type=\"application\/ld+json\" class=\"yoast-schema-graph\">{\"@context\":\"https:\/\/schema.org\",\"@graph\":[{\"@type\":\"WebPage\",\"@id\":\"https:\/\/www.cnt-online.com\/de\/trilogie-der-supply-chain\/\",\"url\":\"https:\/\/www.cnt-online.com\/de\/trilogie-der-supply-chain\/\",\"name\":\"Trilogie der Supply Chain - CNT\",\"isPartOf\":{\"@id\":\"https:\/\/www.cnt-online.com\/de\/#website\"},\"primaryImageOfPage\":{\"@id\":\"https:\/\/www.cnt-online.com\/de\/trilogie-der-supply-chain\/#primaryimage\"},\"image\":{\"@id\":\"https:\/\/www.cnt-online.com\/de\/trilogie-der-supply-chain\/#primaryimage\"},\"thumbnailUrl\":\"https:\/\/www.cnt-online.com\/wp-content\/uploads\/header-1.png\",\"datePublished\":\"2024-01-08T13:05:50+00:00\",\"dateModified\":\"2024-04-16T06:25:07+00:00\",\"breadcrumb\":{\"@id\":\"https:\/\/www.cnt-online.com\/de\/trilogie-der-supply-chain\/#breadcrumb\"},\"inLanguage\":\"de\",\"potentialAction\":[{\"@type\":\"ReadAction\",\"target\":[\"https:\/\/www.cnt-online.com\/de\/trilogie-der-supply-chain\/\"]}]},{\"@type\":\"ImageObject\",\"inLanguage\":\"de\",\"@id\":\"https:\/\/www.cnt-online.com\/de\/trilogie-der-supply-chain\/#primaryimage\",\"url\":\"https:\/\/www.cnt-online.com\/wp-content\/uploads\/header-1.png\",\"contentUrl\":\"https:\/\/www.cnt-online.com\/wp-content\/uploads\/header-1.png\"},{\"@type\":\"BreadcrumbList\",\"@id\":\"https:\/\/www.cnt-online.com\/de\/trilogie-der-supply-chain\/#breadcrumb\",\"itemListElement\":[{\"@type\":\"ListItem\",\"position\":1,\"name\":\"Home\",\"item\":\"https:\/\/www.cnt-online.com\/de\/\"},{\"@type\":\"ListItem\",\"position\":2,\"name\":\"Trilogie der Supply Chain\"}]},{\"@type\":\"WebSite\",\"@id\":\"https:\/\/www.cnt-online.com\/de\/#website\",\"url\":\"https:\/\/www.cnt-online.com\/de\/\",\"name\":\"CNT\",\"description\":\"Management Consulting\",\"publisher\":{\"@id\":\"https:\/\/www.cnt-online.com\/de\/#organization\"},\"potentialAction\":[{\"@type\":\"SearchAction\",\"target\":{\"@type\":\"EntryPoint\",\"urlTemplate\":\"https:\/\/www.cnt-online.com\/de\/?s={search_term_string}\"},\"query-input\":{\"@type\":\"PropertyValueSpecification\",\"valueRequired\":true,\"valueName\":\"search_term_string\"}}],\"inLanguage\":\"de\"},{\"@type\":\"Organization\",\"@id\":\"https:\/\/www.cnt-online.com\/de\/#organization\",\"name\":\"CNT\",\"url\":\"https:\/\/www.cnt-online.com\/de\/\",\"logo\":{\"@type\":\"ImageObject\",\"inLanguage\":\"de\",\"@id\":\"https:\/\/www.cnt-online.com\/de\/#\/schema\/logo\/image\/\",\"url\":\"https:\/\/www.cnt-online.com\/wp-content\/uploads\/favicon.png\",\"contentUrl\":\"https:\/\/www.cnt-online.com\/wp-content\/uploads\/favicon.png\",\"width\":64,\"height\":17,\"caption\":\"CNT\"},\"image\":{\"@id\":\"https:\/\/www.cnt-online.com\/de\/#\/schema\/logo\/image\/\"}}]}<\/script>\n<!-- \/ Yoast SEO Premium plugin. -->","yoast_head_json":{"title":"Trilogie der Supply Chain - CNT","robots":{"index":"index","follow":"follow","max-snippet":"max-snippet:-1","max-image-preview":"max-image-preview:large","max-video-preview":"max-video-preview:-1"},"canonical":"https:\/\/www.cnt-online.com\/de\/trilogie-der-supply-chain\/","og_locale":"de_DE","og_type":"article","og_title":"Trilogie der Supply Chain","og_url":"https:\/\/www.cnt-online.com\/de\/trilogie-der-supply-chain\/","og_site_name":"CNT","article_modified_time":"2024-04-16T06:25:07+00:00","og_image":[{"url":"https:\/\/www.cnt-online.com\/wp-content\/uploads\/header-1.png","type":"","width":"","height":""}],"twitter_card":"summary_large_image","twitter_misc":{"Gesch\u00e4tzte Lesezeit":"3\u00a0Minuten"},"schema":{"@context":"https:\/\/schema.org","@graph":[{"@type":"WebPage","@id":"https:\/\/www.cnt-online.com\/de\/trilogie-der-supply-chain\/","url":"https:\/\/www.cnt-online.com\/de\/trilogie-der-supply-chain\/","name":"Trilogie der Supply Chain - CNT","isPartOf":{"@id":"https:\/\/www.cnt-online.com\/de\/#website"},"primaryImageOfPage":{"@id":"https:\/\/www.cnt-online.com\/de\/trilogie-der-supply-chain\/#primaryimage"},"image":{"@id":"https:\/\/www.cnt-online.com\/de\/trilogie-der-supply-chain\/#primaryimage"},"thumbnailUrl":"https:\/\/www.cnt-online.com\/wp-content\/uploads\/header-1.png","datePublished":"2024-01-08T13:05:50+00:00","dateModified":"2024-04-16T06:25:07+00:00","breadcrumb":{"@id":"https:\/\/www.cnt-online.com\/de\/trilogie-der-supply-chain\/#breadcrumb"},"inLanguage":"de","potentialAction":[{"@type":"ReadAction","target":["https:\/\/www.cnt-online.com\/de\/trilogie-der-supply-chain\/"]}]},{"@type":"ImageObject","inLanguage":"de","@id":"https:\/\/www.cnt-online.com\/de\/trilogie-der-supply-chain\/#primaryimage","url":"https:\/\/www.cnt-online.com\/wp-content\/uploads\/header-1.png","contentUrl":"https:\/\/www.cnt-online.com\/wp-content\/uploads\/header-1.png"},{"@type":"BreadcrumbList","@id":"https:\/\/www.cnt-online.com\/de\/trilogie-der-supply-chain\/#breadcrumb","itemListElement":[{"@type":"ListItem","position":1,"name":"Home","item":"https:\/\/www.cnt-online.com\/de\/"},{"@type":"ListItem","position":2,"name":"Trilogie der Supply Chain"}]},{"@type":"WebSite","@id":"https:\/\/www.cnt-online.com\/de\/#website","url":"https:\/\/www.cnt-online.com\/de\/","name":"CNT","description":"Management Consulting","publisher":{"@id":"https:\/\/www.cnt-online.com\/de\/#organization"},"potentialAction":[{"@type":"SearchAction","target":{"@type":"EntryPoint","urlTemplate":"https:\/\/www.cnt-online.com\/de\/?s={search_term_string}"},"query-input":{"@type":"PropertyValueSpecification","valueRequired":true,"valueName":"search_term_string"}}],"inLanguage":"de"},{"@type":"Organization","@id":"https:\/\/www.cnt-online.com\/de\/#organization","name":"CNT","url":"https:\/\/www.cnt-online.com\/de\/","logo":{"@type":"ImageObject","inLanguage":"de","@id":"https:\/\/www.cnt-online.com\/de\/#\/schema\/logo\/image\/","url":"https:\/\/www.cnt-online.com\/wp-content\/uploads\/favicon.png","contentUrl":"https:\/\/www.cnt-online.com\/wp-content\/uploads\/favicon.png","width":64,"height":17,"caption":"CNT"},"image":{"@id":"https:\/\/www.cnt-online.com\/de\/#\/schema\/logo\/image\/"}}]}},"_links":{"self":[{"href":"https:\/\/www.cnt-online.com\/de\/wp-json\/wp\/v2\/pages\/7358","targetHints":{"allow":["GET"]}}],"collection":[{"href":"https:\/\/www.cnt-online.com\/de\/wp-json\/wp\/v2\/pages"}],"about":[{"href":"https:\/\/www.cnt-online.com\/de\/wp-json\/wp\/v2\/types\/page"}],"author":[{"embeddable":true,"href":"https:\/\/www.cnt-online.com\/de\/wp-json\/wp\/v2\/users\/3"}],"replies":[{"embeddable":true,"href":"https:\/\/www.cnt-online.com\/de\/wp-json\/wp\/v2\/comments?post=7358"}],"version-history":[{"count":15,"href":"https:\/\/www.cnt-online.com\/de\/wp-json\/wp\/v2\/pages\/7358\/revisions"}],"predecessor-version":[{"id":9232,"href":"https:\/\/www.cnt-online.com\/de\/wp-json\/wp\/v2\/pages\/7358\/revisions\/9232"}],"wp:attachment":[{"href":"https:\/\/www.cnt-online.com\/de\/wp-json\/wp\/v2\/media?parent=7358"}],"curies":[{"name":"wp","href":"https:\/\/api.w.org\/{rel}","templated":true}]}}