{"id":15182,"date":"2026-01-28T13:25:37","date_gmt":"2026-01-28T12:25:37","guid":{"rendered":"https:\/\/www.cnt-online.com\/?page_id=15182"},"modified":"2026-02-25T09:52:10","modified_gmt":"2026-02-25T08:52:10","slug":"hr-connect-germany","status":"publish","type":"page","link":"https:\/\/www.cnt-online.com\/de\/hr-connect-germany\/","title":{"rendered":"HR Connect Germany 2026"},"content":{"rendered":"<p><div class=\"fusion-fullwidth fullwidth-box fusion-builder-row-1 fusion-flex-container has-pattern-background has-mask-background nonhundred-percent-fullwidth non-hundred-percent-height-scrolling\" style=\"--awb-border-radius-top-left:0px;--awb-border-radius-top-right:0px;--awb-border-radius-bottom-right:0px;--awb-border-radius-bottom-left:0px;--awb-margin-top:50px;--awb-margin-bottom:50px;--awb-flex-wrap:wrap;\" ><div class=\"fusion-builder-row fusion-row fusion-flex-align-items-flex-start fusion-flex-content-wrap\" style=\"max-width:1248px;margin-left: calc(-4% \/ 2 );margin-right: calc(-4% \/ 2 );\"><div class=\"fusion-layout-column fusion_builder_column fusion-builder-column-0 fusion_builder_column_1_1 1_1 fusion-flex-column\" style=\"--awb-bg-size:cover;--awb-width-large:100%;--awb-margin-top-large:0px;--awb-spacing-right-large:1.92%;--awb-margin-bottom-large:20px;--awb-spacing-left-large:1.92%;--awb-width-medium:100%;--awb-order-medium:0;--awb-spacing-right-medium:1.92%;--awb-spacing-left-medium:1.92%;--awb-width-small:100%;--awb-order-small:0;--awb-spacing-right-small:1.92%;--awb-spacing-left-small:1.92%;\"><div class=\"fusion-column-wrapper fusion-column-has-shadow fusion-flex-justify-content-flex-start fusion-content-layout-column\"><div class=\"fusion-text fusion-text-1 fusion-text-no-margin\" style=\"--awb-margin-bottom:30px;\"><h1 style=\"text-align: center;\">HR Connect D\u00fcsseldorf<\/h1>\n<\/div><div class=\"fusion-text fusion-text-2\"><p style=\"text-align: center;\">Nach den erfolgreichen HR Connects der vergangenen Jahre findet die <strong data-start=\"148\" data-end=\"199\">HR Connect am 05. & 06. M\u00e4rz 2026 in D\u00fcsseldorf<\/strong> erneut statt \u2013 gr\u00f6\u00dfer und vielseitiger denn je. Als <strong data-start=\"256\" data-end=\"267\">Sponsor<\/strong> ist <strong data-start=\"272\" data-end=\"279\">CNT<\/strong> mit einem <strong data-start=\"290\" data-end=\"307\">eigenen Stand<\/strong> sowie einem <strong data-start=\"320\" data-end=\"348\">spannenden Kundenvortrag<\/strong> vertreten und l\u00e4dt Sie herzlich ein, Teil dieses besonderen Events zu werden.<\/p>\n<p style=\"text-align: center;\">\u00a0Informieren Sie sich \u00fcber innovative Technologien und KI-L\u00f6sungen von SAP und Partnern zu den HR-Topthemen 2026: Cloud-Transformation, digitale Vernetzung aller Personal- und Kompetenzdaten, optimale Weiterbildungsstrategien, modernes Talentmanagement und intelligentes Recruiting.<\/p>\n<p style=\"text-align: center;\">Freuen Sie sich auf einen inspirierenden Vortrag \u00fcber die fortschreitende Digitalisierung bei unserem Kunden\u00a0<strong>Haus der Barmherzigkeit<\/strong>\u00a0durch die Implementierung von SAP SuccessFactors im <strong>Full Cloud Ansatz<\/strong>. Erfahren Sie, wie dieses innovative System die Employee Experience revolutioniert, ma\u00dfgeschneiderte L\u00f6sungen bietet, Unternehmensprozesse transformiert sowie Personalprozesse standardisiert und digitalisiert.<\/p>\n<\/div><\/div><\/div><\/div><\/div><div class=\"fusion-fullwidth fullwidth-box fusion-builder-row-2 fusion-flex-container has-pattern-background has-mask-background nonhundred-percent-fullwidth non-hundred-percent-height-scrolling\" style=\"--awb-border-radius-top-left:0px;--awb-border-radius-top-right:0px;--awb-border-radius-bottom-right:0px;--awb-border-radius-bottom-left:0px;--awb-margin-top:50px;--awb-margin-bottom:50px;--awb-background-color:var(--awb-custom_color_1);--awb-flex-wrap:wrap;\" ><div class=\"fusion-builder-row fusion-row fusion-flex-align-items-flex-start fusion-flex-content-wrap\" style=\"max-width:1248px;margin-left: calc(-4% \/ 2 );margin-right: calc(-4% \/ 2 );\"><div class=\"fusion-layout-column fusion_builder_column fusion-builder-column-1 fusion_builder_column_1_1 1_1 fusion-flex-column\" style=\"--awb-bg-size:cover;--awb-width-large:100%;--awb-margin-top-large:0px;--awb-spacing-right-large:1.92%;--awb-margin-bottom-large:20px;--awb-spacing-left-large:1.92%;--awb-width-medium:100%;--awb-order-medium:0;--awb-spacing-right-medium:1.92%;--awb-spacing-left-medium:1.92%;--awb-width-small:100%;--awb-order-small:0;--awb-spacing-right-small:1.92%;--awb-spacing-left-small:1.92%;\"><div class=\"fusion-column-wrapper fusion-column-has-shadow fusion-flex-justify-content-flex-start fusion-content-layout-column\"><div class=\"fusion-builder-row fusion-builder-row-inner fusion-row fusion-flex-align-items-flex-start fusion-flex-content-wrap\" style=\"width:104% !important;max-width:104% !important;margin-left: calc(-4% \/ 2 );margin-right: calc(-4% \/ 2 );\"><div class=\"fusion-layout-column fusion_builder_column_inner fusion-builder-nested-column-0 fusion_builder_column_inner_1_2 1_2 fusion-flex-column\" style=\"--awb-bg-size:cover;--awb-width-large:50%;--awb-margin-top-large:0px;--awb-spacing-right-large:3.84%;--awb-margin-bottom-large:20px;--awb-spacing-left-large:3.84%;--awb-width-medium:50%;--awb-order-medium:0;--awb-spacing-right-medium:3.84%;--awb-spacing-left-medium:3.84%;--awb-width-small:100%;--awb-order-small:0;--awb-spacing-right-small:1.92%;--awb-spacing-left-small:1.92%;\"><div class=\"fusion-column-wrapper fusion-column-has-shadow fusion-flex-justify-content-flex-start fusion-content-layout-column\"><div class=\"fusion-text fusion-text-3\"><h2>Details & Anmeldung<\/h2>\n<\/div><div class=\"fusion-text fusion-text-4\"><p><strong>Datum:<\/strong> Donnerstag, 05. M\u00e4rz 2026 bis Freitag, 06. M\u00e4rz 2026<br \/>\n<strong>Ort:<\/strong> Areal B\u00f6hler D\u00fcsseldorf <a href=\"https:\/\/maps.app.goo.gl\/jACM6BUrFQoWM5mf8\" target=\"_blank\" rel=\"noopener noreferrer\">(B\u00f6hlerstra\u00dfe 01, 40667 Meerbusch<\/a>)<\/p>\n<p>F\u00fcr weitere Informationen und der Anmeldung zur HR Connect, hier der Link zur offiziellen Event-Seite:<\/p>\n<\/div><div ><a class=\"fusion-button button-flat fusion-button-default-size button-default fusion-button-default button-1 fusion-button-default-span fusion-button-default-type\" target=\"_self\" href=\"https:\/\/events.sap.com\/de-sap-hr-connect-2026\/de_de\/home.html\"><span class=\"fusion-button-text awb-button__text awb-button__text--default\">Zur Anmeldung<\/span><\/a><\/div><\/div><\/div><div class=\"fusion-layout-column fusion_builder_column_inner fusion-builder-nested-column-1 fusion_builder_column_inner_1_2 1_2 fusion-flex-column\" style=\"--awb-bg-size:cover;--awb-width-large:50%;--awb-margin-top-large:0px;--awb-spacing-right-large:3.84%;--awb-margin-bottom-large:20px;--awb-spacing-left-large:3.84%;--awb-width-medium:50%;--awb-order-medium:0;--awb-spacing-right-medium:3.84%;--awb-spacing-left-medium:3.84%;--awb-width-small:100%;--awb-order-small:0;--awb-spacing-right-small:1.92%;--awb-spacing-left-small:1.92%;\"><div class=\"fusion-column-wrapper fusion-column-has-shadow fusion-flex-justify-content-flex-start fusion-content-layout-column\">\t\t\t\t\t<script type=\"text\/javascript\">\n\t\t\t\t\t\tvar map_fusion_map_69d11b333b0ad;\n\t\t\t\t\t\tvar markers = [];\n\t\t\t\t\t\tvar counter = 0;\n\t\t\t\t\t\t\t\t\t\t\t\t\t\t\t\t\t\t\t\tvar fusionMapNonce = '2ffa14e0cf';\n\t\t\t\t\t\t\t\t\t\t\t\tfunction fusion_run_map_fusion_map_69d11b333b0ad() {\n\t\t\t\t\t\t\tjQuery ('#fusion_map_69d11b333b0ad' ).fusion_maps( {\n\t\t\t\t\t\t\t\taddresses: [{\"address\":\"B\\u00f6hlerstra\\u00dfe 1, 40667 Meerbusch, Deutschland\",\"infobox_content\":\"B\\u00f6hlerstra\\u00dfe 1, 40667 Meerbusch, Deutschland\",\"coordinates\":false,\"cache\":true,\"latitude\":\"51.2442117\",\"longitude\":\"6.712851700000001\"}],\n\t\t\t\t\t\t\t\tanimations: false,\n\t\t\t\t\t\t\t\tinfobox_background_color: '',\n\t\t\t\t\t\t\t\tinfobox_styling: 'default',\n\t\t\t\t\t\t\t\tinfobox_text_color: '',\n\t\t\t\t\t\t\t\tmap_style: 'default',\n\t\t\t\t\t\t\t\tmap_type: 'roadmap',\n\t\t\t\t\t\t\t\tmarker_icon: '',\n\t\t\t\t\t\t\t\toverlay_color: '#ffffff',\n\t\t\t\t\t\t\t\toverlay_color_hsl: {\"hue\":0,\"sat\":0,\"lum\":100},\n\t\t\t\t\t\t\t\tshow_address: true,\n\t\t\t\t\t\t\t\tscale_control: true,\n\t\t\t\t\t\t\t\tscrollwheel: true,\n\t\t\t\t\t\t\t\tzoom: 14,\n\t\t\t\t\t\t\t\tzoom_control: true,\n\t\t\t\t\t\t\t} );\n\t\t\t\t\t\t}\n\n\t\t\t\t\t\tgoogle.maps.event.addDomListener(window, 'load', fusion_run_map_fusion_map_69d11b333b0ad);\n\t\t\t\t\t<\/script>\n\t\t\t\t\t<div class=\"shortcode-map fusion-google-map fusion-maps-js-type\" id=\"fusion_map_69d11b333b0ad\"><\/div><\/div><\/div><\/div><\/div><\/div><\/div><\/div><div class=\"fusion-fullwidth fullwidth-box fusion-builder-row-3 fusion-flex-container has-pattern-background has-mask-background nonhundred-percent-fullwidth non-hundred-percent-height-scrolling\" style=\"--awb-border-radius-top-left:0px;--awb-border-radius-top-right:0px;--awb-border-radius-bottom-right:0px;--awb-border-radius-bottom-left:0px;--awb-margin-top:50px;--awb-margin-bottom:50px;--awb-flex-wrap:wrap;\" ><div class=\"fusion-builder-row fusion-row fusion-flex-align-items-flex-start fusion-flex-content-wrap\" style=\"max-width:1248px;margin-left: calc(-4% \/ 2 );margin-right: calc(-4% \/ 2 );\"><div class=\"fusion-layout-column fusion_builder_column fusion-builder-column-2 fusion_builder_column_2_3 2_3 fusion-flex-column\" style=\"--awb-bg-size:cover;--awb-width-large:66.666666666667%;--awb-margin-top-large:0px;--awb-spacing-right-large:2.88%;--awb-margin-bottom-large:20px;--awb-spacing-left-large:2.88%;--awb-width-medium:66.666666666667%;--awb-order-medium:0;--awb-spacing-right-medium:2.88%;--awb-spacing-left-medium:2.88%;--awb-width-small:100%;--awb-order-small:0;--awb-spacing-right-small:1.92%;--awb-spacing-left-small:1.92%;\"><div class=\"fusion-column-wrapper fusion-column-has-shadow fusion-flex-justify-content-flex-start fusion-content-layout-column\"><div class=\"fusion-text fusion-text-5\"><h2 style=\"text-align: center;\">Let\u2019s connect \u2013 Ihre Ansprechpartner vor Ort<\/h2>\n<\/div><div class=\"fusion-text fusion-text-6\" style=\"--awb-margin-top:10px;\"><p style=\"text-align: center;\">Lassen Sie sich inspirieren, lernen Sie Neues, kn\u00fcpfen Sie Kontakte und nutzen Sie die M\u00f6glichkeit, sich mit unseren Berater:innen vor Ort pers\u00f6nlich \u00fcber Ihre digitale HR Transformation auszutauschen.<\/p>\n<\/div><div class=\"fusion-builder-row fusion-builder-row-inner fusion-row fusion-flex-align-items-flex-start fusion-flex-content-wrap\" style=\"width:104% !important;max-width:104% !important;margin-left: calc(-4% \/ 2 );margin-right: calc(-4% \/ 2 );\"><div class=\"fusion-layout-column fusion_builder_column_inner fusion-builder-nested-column-2 fusion_builder_column_inner_1_3 1_3 fusion-flex-column\" style=\"--awb-bg-size:cover;--awb-width-large:33.333333333333%;--awb-margin-top-large:0px;--awb-spacing-right-large:5.76%;--awb-margin-bottom-large:20px;--awb-spacing-left-large:5.76%;--awb-width-medium:33.333333333333%;--awb-order-medium:0;--awb-spacing-right-medium:5.76%;--awb-spacing-left-medium:5.76%;--awb-width-small:100%;--awb-order-small:0;--awb-spacing-right-small:1.92%;--awb-spacing-left-small:1.92%;\"><div class=\"fusion-column-wrapper fusion-column-has-shadow fusion-flex-justify-content-flex-start fusion-content-layout-column\"><div class=\"fusion-image-element \" style=\"--awb-caption-title-font-family:var(--h2_typography-font-family);--awb-caption-title-font-weight:var(--h2_typography-font-weight);--awb-caption-title-font-style:var(--h2_typography-font-style);--awb-caption-title-size:var(--h2_typography-font-size);--awb-caption-title-transform:var(--h2_typography-text-transform);--awb-caption-title-line-height:var(--h2_typography-line-height);--awb-caption-title-letter-spacing:var(--h2_typography-letter-spacing);\"><span class=\" fusion-imageframe imageframe-none imageframe-1 hover-type-none\"><img decoding=\"async\" width=\"200\" height=\"200\" title=\"Befha Rundes Foto Hintergrund W\u00e4hlbar\" src=\"https:\/\/www.cnt-online.com\/wp-content\/uploads\/befha_rundes-Foto_Hintergrund-wahlbar-e1769957422285.png\" alt class=\"img-responsive wp-image-15194\"\/><\/span><\/div><div class=\"fusion-text fusion-text-7\"><p style=\"text-align: center;\"><strong>Falco Behrendt<br \/>\n<\/strong><em>Solution Architect<\/em><strong><br \/>\n<\/strong>f.behrendt@cnt-online.com<\/p>\n<\/div><\/div><\/div><div class=\"fusion-layout-column fusion_builder_column_inner fusion-builder-nested-column-3 fusion_builder_column_inner_1_3 1_3 fusion-flex-column\" style=\"--awb-bg-size:cover;--awb-width-large:33.333333333333%;--awb-margin-top-large:0px;--awb-spacing-right-large:5.76%;--awb-margin-bottom-large:20px;--awb-spacing-left-large:5.76%;--awb-width-medium:33.333333333333%;--awb-order-medium:0;--awb-spacing-right-medium:5.76%;--awb-spacing-left-medium:5.76%;--awb-width-small:100%;--awb-order-small:0;--awb-spacing-right-small:1.92%;--awb-spacing-left-small:1.92%;\"><div class=\"fusion-column-wrapper fusion-column-has-shadow fusion-flex-justify-content-flex-start fusion-content-layout-column\"><div class=\"fusion-image-element \" style=\"--awb-caption-title-font-family:var(--h2_typography-font-family);--awb-caption-title-font-weight:var(--h2_typography-font-weight);--awb-caption-title-font-style:var(--h2_typography-font-style);--awb-caption-title-size:var(--h2_typography-font-size);--awb-caption-title-transform:var(--h2_typography-text-transform);--awb-caption-title-line-height:var(--h2_typography-line-height);--awb-caption-title-letter-spacing:var(--h2_typography-letter-spacing);\"><span class=\" fusion-imageframe imageframe-none imageframe-2 hover-type-none\"><img decoding=\"async\" width=\"200\" height=\"200\" title=\"Quafe Rundes Foto Hintergrund W\u00e4hlbar\" src=\"https:\/\/www.cnt-online.com\/wp-content\/uploads\/quafe_rundes-Foto_Hintergrund-wahlbar-e1769957471796.png\" alt class=\"img-responsive wp-image-15191\"\/><\/span><\/div><div class=\"fusion-text fusion-text-8\"><p style=\"text-align: center;\"><strong>Frederik Quade<br \/>\n<\/strong><em>Principal<\/em><strong><br \/>\n<\/strong>f.quade@cnt-online.com<\/p>\n<\/div><\/div><\/div><div class=\"fusion-layout-column fusion_builder_column_inner fusion-builder-nested-column-4 fusion_builder_column_inner_1_3 1_3 fusion-flex-column\" style=\"--awb-bg-size:cover;--awb-width-large:33.333333333333%;--awb-margin-top-large:0px;--awb-spacing-right-large:5.76%;--awb-margin-bottom-large:20px;--awb-spacing-left-large:5.76%;--awb-width-medium:33.333333333333%;--awb-order-medium:0;--awb-spacing-right-medium:5.76%;--awb-spacing-left-medium:5.76%;--awb-width-small:100%;--awb-order-small:0;--awb-spacing-right-small:1.92%;--awb-spacing-left-small:1.92%;\"><div class=\"fusion-column-wrapper fusion-column-has-shadow fusion-flex-justify-content-flex-start fusion-content-layout-column\"><div class=\"fusion-image-element \" style=\"--awb-caption-title-font-family:var(--h2_typography-font-family);--awb-caption-title-font-weight:var(--h2_typography-font-weight);--awb-caption-title-font-style:var(--h2_typography-font-style);--awb-caption-title-size:var(--h2_typography-font-size);--awb-caption-title-transform:var(--h2_typography-text-transform);--awb-caption-title-line-height:var(--h2_typography-line-height);--awb-caption-title-letter-spacing:var(--h2_typography-letter-spacing);\"><span class=\" fusion-imageframe imageframe-none imageframe-3 hover-type-none\"><img decoding=\"async\" width=\"200\" height=\"200\" title=\"Franzkowiak Maximilian Rundes Foto Hintergrund W\u00e4hlbar\" src=\"https:\/\/www.cnt-online.com\/wp-content\/uploads\/Franzkowiak-Maximilian_rundes-Foto_Hintergrund-wahlbar-e1769957487334.png\" alt class=\"img-responsive wp-image-15186\"\/><\/span><\/div><div class=\"fusion-text fusion-text-9\"><p style=\"text-align: center;\"><strong>Maximilian Franzkowiak<br \/>\n<\/strong><em>Solution Architect<\/em><strong><br \/>\n<\/strong>m.franzkowiak@cnt-online.com<\/p>\n<\/div><\/div><\/div><\/div><\/div><\/div><div class=\"fusion-layout-column fusion_builder_column fusion-builder-column-3 fusion_builder_column_1_3 1_3 fusion-flex-column\" style=\"--awb-bg-size:cover;--awb-width-large:33.333333333333%;--awb-margin-top-large:0px;--awb-spacing-right-large:5.76%;--awb-margin-bottom-large:20px;--awb-spacing-left-large:5.76%;--awb-width-medium:33.333333333333%;--awb-order-medium:0;--awb-spacing-right-medium:5.76%;--awb-spacing-left-medium:5.76%;--awb-width-small:100%;--awb-order-small:0;--awb-spacing-right-small:1.92%;--awb-spacing-left-small:1.92%;\" data-scroll-devices=\"small-visibility,medium-visibility,large-visibility\"><div class=\"fusion-column-wrapper fusion-column-has-shadow fusion-flex-justify-content-flex-start fusion-content-layout-column\"><div class=\"fusion-text fusion-text-10\"><p><script charset=\"utf-8\" type=\"text\/javascript\" src=\"\/\/js-eu1.hsforms.net\/forms\/embed\/v2.js\"><\/script><br \/>\n<script>\n  hbspt.forms.create({\n    portalId: \"25195293\",\n    formId: \"0f778738-d0de-44d6-bf46-4dda94540fff\",\n    region: \"eu1\"\n  });\n<\/script><\/p>\n<\/div><\/div><\/div><\/div><\/div><\/p>\n","protected":false},"excerpt":{"rendered":"","protected":false},"author":3,"featured_media":0,"parent":0,"menu_order":0,"comment_status":"closed","ping_status":"closed","template":"100-width.php","meta":{"_acf_changed":false,"inline_featured_image":false,"footnotes":""},"class_list":["post-15182","page","type-page","status-publish","hentry"],"acf":[],"yoast_head":"<!-- This site is optimized with the Yoast SEO Premium plugin v27.1 (Yoast SEO v27.2) - https:\/\/yoast.com\/product\/yoast-seo-premium-wordpress\/ -->\n<title>HR Connect Germany 2026 - CNT<\/title>\n<meta name=\"robots\" content=\"index, follow, max-snippet:-1, max-image-preview:large, max-video-preview:-1\" \/>\n<link rel=\"canonical\" href=\"https:\/\/www.cnt-online.com\/de\/hr-connect-germany\/\" \/>\n<meta property=\"og:locale\" content=\"de_DE\" \/>\n<meta property=\"og:type\" content=\"article\" \/>\n<meta property=\"og:title\" content=\"HR Connect Germany 2026\" \/>\n<meta property=\"og:url\" content=\"https:\/\/www.cnt-online.com\/de\/hr-connect-germany\/\" \/>\n<meta property=\"og:site_name\" content=\"CNT\" \/>\n<meta property=\"article:modified_time\" content=\"2026-02-25T08:52:10+00:00\" \/>\n<meta name=\"twitter:card\" content=\"summary_large_image\" \/>\n<meta name=\"twitter:label1\" content=\"Gesch\u00e4tzte Lesezeit\" \/>\n\t<meta name=\"twitter:data1\" content=\"2\u00a0Minuten\" \/>\n<script type=\"application\/ld+json\" class=\"yoast-schema-graph\">{\"@context\":\"https:\/\/schema.org\",\"@graph\":[{\"@type\":\"WebPage\",\"@id\":\"https:\/\/www.cnt-online.com\/de\/hr-connect-germany\/\",\"url\":\"https:\/\/www.cnt-online.com\/de\/hr-connect-germany\/\",\"name\":\"HR Connect Germany 2026 - CNT\",\"isPartOf\":{\"@id\":\"https:\/\/www.cnt-online.com\/de\/#website\"},\"datePublished\":\"2026-01-28T12:25:37+00:00\",\"dateModified\":\"2026-02-25T08:52:10+00:00\",\"breadcrumb\":{\"@id\":\"https:\/\/www.cnt-online.com\/de\/hr-connect-germany\/#breadcrumb\"},\"inLanguage\":\"de\",\"potentialAction\":[{\"@type\":\"ReadAction\",\"target\":[\"https:\/\/www.cnt-online.com\/de\/hr-connect-germany\/\"]}]},{\"@type\":\"BreadcrumbList\",\"@id\":\"https:\/\/www.cnt-online.com\/de\/hr-connect-germany\/#breadcrumb\",\"itemListElement\":[{\"@type\":\"ListItem\",\"position\":1,\"name\":\"Home\",\"item\":\"https:\/\/www.cnt-online.com\/de\/\"},{\"@type\":\"ListItem\",\"position\":2,\"name\":\"HR Connect Germany 2026\"}]},{\"@type\":\"WebSite\",\"@id\":\"https:\/\/www.cnt-online.com\/de\/#website\",\"url\":\"https:\/\/www.cnt-online.com\/de\/\",\"name\":\"CNT\",\"description\":\"Management Consulting\",\"publisher\":{\"@id\":\"https:\/\/www.cnt-online.com\/de\/#organization\"},\"potentialAction\":[{\"@type\":\"SearchAction\",\"target\":{\"@type\":\"EntryPoint\",\"urlTemplate\":\"https:\/\/www.cnt-online.com\/de\/?s={search_term_string}\"},\"query-input\":{\"@type\":\"PropertyValueSpecification\",\"valueRequired\":true,\"valueName\":\"search_term_string\"}}],\"inLanguage\":\"de\"},{\"@type\":\"Organization\",\"@id\":\"https:\/\/www.cnt-online.com\/de\/#organization\",\"name\":\"CNT\",\"url\":\"https:\/\/www.cnt-online.com\/de\/\",\"logo\":{\"@type\":\"ImageObject\",\"inLanguage\":\"de\",\"@id\":\"https:\/\/www.cnt-online.com\/de\/#\/schema\/logo\/image\/\",\"url\":\"https:\/\/www.cnt-online.com\/wp-content\/uploads\/favicon.png\",\"contentUrl\":\"https:\/\/www.cnt-online.com\/wp-content\/uploads\/favicon.png\",\"width\":64,\"height\":17,\"caption\":\"CNT\"},\"image\":{\"@id\":\"https:\/\/www.cnt-online.com\/de\/#\/schema\/logo\/image\/\"}}]}<\/script>\n<!-- \/ Yoast SEO Premium plugin. -->","yoast_head_json":{"title":"HR Connect Germany 2026 - CNT","robots":{"index":"index","follow":"follow","max-snippet":"max-snippet:-1","max-image-preview":"max-image-preview:large","max-video-preview":"max-video-preview:-1"},"canonical":"https:\/\/www.cnt-online.com\/de\/hr-connect-germany\/","og_locale":"de_DE","og_type":"article","og_title":"HR Connect Germany 2026","og_url":"https:\/\/www.cnt-online.com\/de\/hr-connect-germany\/","og_site_name":"CNT","article_modified_time":"2026-02-25T08:52:10+00:00","twitter_card":"summary_large_image","twitter_misc":{"Gesch\u00e4tzte Lesezeit":"2\u00a0Minuten"},"schema":{"@context":"https:\/\/schema.org","@graph":[{"@type":"WebPage","@id":"https:\/\/www.cnt-online.com\/de\/hr-connect-germany\/","url":"https:\/\/www.cnt-online.com\/de\/hr-connect-germany\/","name":"HR Connect Germany 2026 - CNT","isPartOf":{"@id":"https:\/\/www.cnt-online.com\/de\/#website"},"datePublished":"2026-01-28T12:25:37+00:00","dateModified":"2026-02-25T08:52:10+00:00","breadcrumb":{"@id":"https:\/\/www.cnt-online.com\/de\/hr-connect-germany\/#breadcrumb"},"inLanguage":"de","potentialAction":[{"@type":"ReadAction","target":["https:\/\/www.cnt-online.com\/de\/hr-connect-germany\/"]}]},{"@type":"BreadcrumbList","@id":"https:\/\/www.cnt-online.com\/de\/hr-connect-germany\/#breadcrumb","itemListElement":[{"@type":"ListItem","position":1,"name":"Home","item":"https:\/\/www.cnt-online.com\/de\/"},{"@type":"ListItem","position":2,"name":"HR Connect Germany 2026"}]},{"@type":"WebSite","@id":"https:\/\/www.cnt-online.com\/de\/#website","url":"https:\/\/www.cnt-online.com\/de\/","name":"CNT","description":"Management Consulting","publisher":{"@id":"https:\/\/www.cnt-online.com\/de\/#organization"},"potentialAction":[{"@type":"SearchAction","target":{"@type":"EntryPoint","urlTemplate":"https:\/\/www.cnt-online.com\/de\/?s={search_term_string}"},"query-input":{"@type":"PropertyValueSpecification","valueRequired":true,"valueName":"search_term_string"}}],"inLanguage":"de"},{"@type":"Organization","@id":"https:\/\/www.cnt-online.com\/de\/#organization","name":"CNT","url":"https:\/\/www.cnt-online.com\/de\/","logo":{"@type":"ImageObject","inLanguage":"de","@id":"https:\/\/www.cnt-online.com\/de\/#\/schema\/logo\/image\/","url":"https:\/\/www.cnt-online.com\/wp-content\/uploads\/favicon.png","contentUrl":"https:\/\/www.cnt-online.com\/wp-content\/uploads\/favicon.png","width":64,"height":17,"caption":"CNT"},"image":{"@id":"https:\/\/www.cnt-online.com\/de\/#\/schema\/logo\/image\/"}}]}},"_links":{"self":[{"href":"https:\/\/www.cnt-online.com\/de\/wp-json\/wp\/v2\/pages\/15182","targetHints":{"allow":["GET"]}}],"collection":[{"href":"https:\/\/www.cnt-online.com\/de\/wp-json\/wp\/v2\/pages"}],"about":[{"href":"https:\/\/www.cnt-online.com\/de\/wp-json\/wp\/v2\/types\/page"}],"author":[{"embeddable":true,"href":"https:\/\/www.cnt-online.com\/de\/wp-json\/wp\/v2\/users\/3"}],"replies":[{"embeddable":true,"href":"https:\/\/www.cnt-online.com\/de\/wp-json\/wp\/v2\/comments?post=15182"}],"version-history":[{"count":36,"href":"https:\/\/www.cnt-online.com\/de\/wp-json\/wp\/v2\/pages\/15182\/revisions"}],"predecessor-version":[{"id":15453,"href":"https:\/\/www.cnt-online.com\/de\/wp-json\/wp\/v2\/pages\/15182\/revisions\/15453"}],"wp:attachment":[{"href":"https:\/\/www.cnt-online.com\/de\/wp-json\/wp\/v2\/media?parent=15182"}],"curies":[{"name":"wp","href":"https:\/\/api.w.org\/{rel}","templated":true}]}}