{"id":1048,"date":"2023-01-30T14:17:10","date_gmt":"2023-01-30T13:17:10","guid":{"rendered":"https:\/\/www.cnt-online.com\/?page_id=1048"},"modified":"2025-02-12T13:28:28","modified_gmt":"2025-02-12T12:28:28","slug":"sao-paulo","status":"publish","type":"page","link":"https:\/\/www.cnt-online.com\/de\/about\/standorte\/sao-paulo\/","title":{"rendered":"S\u00e3o Paulo"},"content":{"rendered":"<p><div class=\"fusion-fullwidth fullwidth-box fusion-builder-row-1 fusion-flex-container has-pattern-background has-mask-background hundred-percent-fullwidth non-hundred-percent-height-scrolling\" style=\"--awb-border-radius-top-left:0px;--awb-border-radius-top-right:0px;--awb-border-radius-bottom-right:0px;--awb-border-radius-bottom-left:0px;--awb-padding-top:0px;--awb-padding-right:0px;--awb-padding-bottom:0px;--awb-padding-left:0px;--awb-margin-top:0px;--awb-margin-bottom:0px;--awb-flex-wrap:wrap;\" ><div class=\"fusion-builder-row fusion-row fusion-flex-align-items-center fusion-flex-justify-content-center fusion-flex-content-wrap\" style=\"width:104% !important;max-width:104% !important;margin-left: calc(-4% \/ 2 );margin-right: calc(-4% \/ 2 );\"><div class=\"fusion-layout-column fusion_builder_column fusion-builder-column-0 fusion_builder_column_1_1 1_1 fusion-flex-column\" style=\"--awb-bg-size:cover;--awb-width-large:100%;--awb-margin-top-large:0px;--awb-spacing-right-large:1.92%;--awb-margin-bottom-large:20px;--awb-spacing-left-large:1.92%;--awb-width-medium:100%;--awb-order-medium:0;--awb-spacing-right-medium:1.92%;--awb-spacing-left-medium:1.92%;--awb-width-small:100%;--awb-order-small:0;--awb-spacing-right-small:1.92%;--awb-spacing-left-small:1.92%;\"><div class=\"fusion-column-wrapper fusion-column-has-shadow fusion-flex-justify-content-flex-start fusion-content-layout-column\">\t\t\t\t\t<div class=\"fusion-slider-container fusion-slider-sc-header-location-saopaulo-de fusion-slider-64 full-width-slider\" style=\"height:400px; max-width:100%;\" data-id=\"64\" data-full_height=\"\">\n\t\t\t\t\t\t<style type=\"text\/css\">.fusion-slider-64 .flex-direction-nav a {width:63px;height:63px;line-height:63px;font-size:25px;}<\/style>\t\t\t\t\t\t<div class=\"fusion-slider-loading\">Loading...<\/div>\n\t\t\t\t\t\t<div class=\"tfs-slider flexslider main-flex full-width-slider\" data-slider_width=\"100%\" data-slider_height=\"400px\" data-full_screen=\"0\" data-parallax=\"0\" data-nav_arrows=\"1\" data-nav_arrow_size=\"25px\" data-nav_box_width=\"63px\" data-nav_box_height=\"63px\" data-slideshow_speed=\"7000\" data-loop=\"0\" data-autoplay=\"1\" data-orderby=\"date\" data-order=\"DESC\" data-animation=\"fade\" data-animation_speed=\"600\" data-typo_sensitivity=\"1\" data-typo_factor=\"1.5\" style=\"max-width:100%;\">\n\t\t\t\t\t\t\t<ul class=\"slides\">\n\t\t\t\t\t\t\t\t\t\t\t\t\t\t\t\t\t<li data-mute=\"yes\" data-loop=\"yes\" data-autoplay=\"yes\">\n\t\t\t\t\t\t\t\t\t\t<div class=\"slide-content-container slide-content-center\" style=\"display: none;\">\n\t\t\t\t\t\t\t\t\t\t\t<div class=\"slide-content\" style=\"\">\n\t\t\t\t\t\t\t\t\t\t\t\t\t\t\t\t\t\t\t\t\t\t\t\t\t<div class=\"heading with-bg\">\n\t\t\t\t\t\t\t\t\t\t\t\t\t\t<div class=\"fusion-title-sc-wrapper\" style=\"background-color: rgba(0,0,0, 0.4);\">\n\t\t\t\t\t\t\t\t\t\t\t\t\t\t\t<div class=\"fusion-title title fusion-title-1 fusion-sep-none fusion-title-center fusion-title-text fusion-title-size-one\" style=\"--awb-margin-top:0px;--awb-margin-bottom:0px;--awb-font-size:60px;\"><h1 class=\"fusion-title-heading title-heading-center fusion-responsive-typography-calculated\" style=\"margin:0;font-size:1em;--fontSize:60;line-height:1.33;\">CNT Management Consulting<br>Sao Paulo<\/h1><\/div>\t\t\t\t\t\t\t\t\t\t\t\t\t\t<\/div>\n\t\t\t\t\t\t\t\t\t\t\t\t\t<\/div>\n\t\t\t\t\t\t\t\t\t\t\t\t\t\t\t\t\t\t\t\t\t\t\t\t\t\t\t\t\t\t\t\t\t\t\t\t\t\t\t\t\t\t\t\t\t\t\t\t\t<div class=\"buttons\" >\n\t\t\t\t\t\t\t\t\t\t\t\t\t\t\t\t\t\t\t\t\t\t\t\t\t\t\t\t\t\t\t\t\t\t\t\t\t\t\t\t\t<\/div>\n\t\t\t\t\t\t\t\t\t\t\t\t\t\t\t\t\t\t\t\t\t\t\t<\/div>\n\t\t\t\t\t\t\t\t\t\t<\/div>\n\t\t\t\t\t\t\t\t\t\t\t\t\t\t\t\t\t\t\t\t\t\t\t\t\t\t\t\t\t\t\t\t\t\t\t\t\t\t\t\t<div class=\"background background-image\" style=\"background-image: url(https:\/\/www.cnt-online.com\/wp-content\/uploads\/location_vienna.jpg);max-width:100%;height:400px;filter: progid:DXImageTransform.Microsoft.AlphaImageLoader(src='https:\/\/www.cnt-online.com\/wp-content\/uploads\/location_vienna.jpg', sizingMethod='scale');\" data-imgwidth=\"2031\">\n\t\t\t\t\t\t\t\t\t\t\t\t\t\t\t\t\t\t\t\t\t\t\t\t\t\t\t\t\t\t\t\t\t\t\t\t\t\t\t\t\t\t\t\t\t\t\t\t\t\t\t\t\t\t\t\t\t\t\t\t\t\t\t\t\t\t<\/div>\n\t\t\t\t\t\t\t\t\t<\/li>\n\t\t\t\t\t\t\t\t\t\t\t\t\t\t\t\t\t\t\t\t\t\t\t<\/ul>\n\t\t\t\t\t\t<\/div>\n\t\t\t\t\t<\/div>\n\t\t\t\t\t\t\t\t<\/div><\/div><\/div><\/div><div class=\"fusion-fullwidth fullwidth-box fusion-builder-row-2 fusion-flex-container has-pattern-background has-mask-background nonhundred-percent-fullwidth non-hundred-percent-height-scrolling\" style=\"--awb-border-radius-top-left:0px;--awb-border-radius-top-right:0px;--awb-border-radius-bottom-right:0px;--awb-border-radius-bottom-left:0px;--awb-flex-wrap:wrap;\" ><div class=\"fusion-builder-row fusion-row fusion-flex-align-items-flex-start fusion-flex-content-wrap\" style=\"max-width:1248px;margin-left: calc(-4% \/ 2 );margin-right: calc(-4% \/ 2 );\"><div class=\"fusion-layout-column fusion_builder_column fusion-builder-column-1 fusion_builder_column_1_1 1_1 fusion-flex-column\" style=\"--awb-bg-size:cover;--awb-width-large:100%;--awb-margin-top-large:0px;--awb-spacing-right-large:1.92%;--awb-margin-bottom-large:20px;--awb-spacing-left-large:1.92%;--awb-width-medium:100%;--awb-order-medium:0;--awb-spacing-right-medium:1.92%;--awb-spacing-left-medium:1.92%;--awb-width-small:100%;--awb-order-small:0;--awb-spacing-right-small:1.92%;--awb-spacing-left-small:1.92%;\"><div class=\"fusion-column-wrapper fusion-column-has-shadow fusion-flex-justify-content-flex-start fusion-content-layout-column\"><div class=\"fusion-title title fusion-title-2 fusion-sep-none fusion-title-text fusion-title-size-two\"><h2 class=\"fusion-title-heading title-heading-left fusion-responsive-typography-calculated\" style=\"margin:0;--fontSize:48;line-height:var(--awb-typography1-line-height);\">Unser Standort in <span class=\"title_underline\">S\u00e3o Paulo<\/span><\/h2><\/div><\/div><\/div><div class=\"fusion-layout-column fusion_builder_column fusion-builder-column-2 fusion_builder_column_1_3 1_3 fusion-flex-column\" style=\"--awb-bg-size:cover;--awb-width-large:33.333333333333%;--awb-margin-top-large:0px;--awb-spacing-right-large:5.76%;--awb-margin-bottom-large:20px;--awb-spacing-left-large:5.76%;--awb-width-medium:33.333333333333%;--awb-order-medium:0;--awb-spacing-right-medium:5.76%;--awb-spacing-left-medium:5.76%;--awb-width-small:100%;--awb-order-small:0;--awb-spacing-right-small:1.92%;--awb-spacing-left-small:1.92%;\"><div class=\"fusion-column-wrapper fusion-column-has-shadow fusion-flex-justify-content-flex-start fusion-content-layout-column\"><div class=\"fusion-text fusion-text-1\"><h3>CNT | S\u00e3o Paulo<\/h3>\n<p>Rua Gastao Vieira \u2013 Parque Santa Felicia Jardim,<br \/>\nSao Carlos \u2013 Sao Paulo<br \/>\nBrasil<\/p>\n<p>+43 1 2 164 268-0<\/p>\n<\/div><div class=\"fusion-text fusion-text-2\"><p><a href=\"mailto:office.saopaulo@cnt-online.com\"> <i class=\"fb-icon-element-1 fb-icon-element fontawesome-icon fa-envelope far circle-yes fusion-text-flow\" style=\"--awb-circlecolor:var(--awb-color2);--awb-circlecolor-hover:var(--awb-color2);--awb-circlebordersize:0px;--awb-font-size:17.6px;--awb-width:35.2px;--awb-height:35.2px;--awb-line-height:35.2px;--awb-margin-right:10px;\"><\/i>office.saopaulo@cnt-online.com<\/a><\/p>\n<\/div><\/div><\/div><div class=\"fusion-layout-column fusion_builder_column fusion-builder-column-3 fusion_builder_column_2_3 2_3 fusion-flex-column\" style=\"--awb-bg-size:cover;--awb-width-large:66.666666666667%;--awb-margin-top-large:0px;--awb-spacing-right-large:2.88%;--awb-margin-bottom-large:20px;--awb-spacing-left-large:2.88%;--awb-width-medium:66.666666666667%;--awb-order-medium:0;--awb-spacing-right-medium:2.88%;--awb-spacing-left-medium:2.88%;--awb-width-small:100%;--awb-order-small:0;--awb-spacing-right-small:1.92%;--awb-spacing-left-small:1.92%;\"><div class=\"fusion-column-wrapper fusion-column-has-shadow fusion-flex-justify-content-flex-start fusion-content-layout-column\">\t\t\t\t\t<script type=\"text\/javascript\">\n\t\t\t\t\t\tvar map_fusion_map_69d0a7c2584c8;\n\t\t\t\t\t\tvar markers = [];\n\t\t\t\t\t\tvar counter = 0;\n\t\t\t\t\t\t\t\t\t\t\t\t\t\t\t\t\t\t\t\tvar fusionMapNonce = 'd4e6d93ac2';\n\t\t\t\t\t\t\t\t\t\t\t\tfunction fusion_run_map_fusion_map_69d0a7c2584c8() {\n\t\t\t\t\t\t\tjQuery ('#fusion_map_69d0a7c2584c8' ).fusion_maps( {\n\t\t\t\t\t\t\t\taddresses: [{\"address\":\"Rua Gastao Vieira \\u2013 Parque Santa Felicia Jardim, Sao Carlos \\u2013 Sao Paulo, Brasil\",\"infobox_content\":\"Rua Gastao Vieira \\u2013 Parque Santa Felicia Jardim, Sao Carlos \\u2013 Sao Paulo, Brasil\",\"coordinates\":false,\"cache\":true,\"latitude\":\"-22.0028946\",\"longitude\":\"-47.9171353\"}],\n\t\t\t\t\t\t\t\tanimations: false,\n\t\t\t\t\t\t\t\tinfobox_background_color: '',\n\t\t\t\t\t\t\t\tinfobox_styling: 'default',\n\t\t\t\t\t\t\t\tinfobox_text_color: '',\n\t\t\t\t\t\t\t\tmap_style: 'default',\n\t\t\t\t\t\t\t\tmap_type: 'roadmap',\n\t\t\t\t\t\t\t\tmarker_icon: '',\n\t\t\t\t\t\t\t\toverlay_color: '#ffffff',\n\t\t\t\t\t\t\t\toverlay_color_hsl: {\"hue\":0,\"sat\":0,\"lum\":100},\n\t\t\t\t\t\t\t\tshow_address: true,\n\t\t\t\t\t\t\t\tscale_control: true,\n\t\t\t\t\t\t\t\tscrollwheel: true,\n\t\t\t\t\t\t\t\tzoom: 14,\n\t\t\t\t\t\t\t\tzoom_control: true,\n\t\t\t\t\t\t\t} );\n\t\t\t\t\t\t}\n\n\t\t\t\t\t\tgoogle.maps.event.addDomListener(window, 'load', fusion_run_map_fusion_map_69d0a7c2584c8);\n\t\t\t\t\t<\/script>\n\t\t\t\t\t<div class=\"shortcode-map fusion-google-map fusion-maps-js-type\" style=\"--awb-height:310px;\" id=\"fusion_map_69d0a7c2584c8\"><\/div><\/div><\/div><\/div><\/div><div class=\"fusion-fullwidth fullwidth-box fusion-builder-row-3 fusion-flex-container has-pattern-background has-mask-background black-background nonhundred-percent-fullwidth non-hundred-percent-height-scrolling\" style=\"--awb-border-radius-top-left:0px;--awb-border-radius-top-right:0px;--awb-border-radius-bottom-right:0px;--awb-border-radius-bottom-left:0px;--awb-margin-bottom:0px;--awb-background-color:var(--awb-color5);--awb-flex-wrap:wrap;\" ><div class=\"fusion-builder-row fusion-row fusion-flex-align-items-flex-start fusion-flex-content-wrap\" style=\"max-width:1248px;margin-left: calc(-4% \/ 2 );margin-right: calc(-4% \/ 2 );\"><div class=\"fusion-layout-column fusion_builder_column fusion-builder-column-4 fusion_builder_column_1_1 1_1 fusion-flex-column\" style=\"--awb-bg-size:cover;--awb-width-large:100%;--awb-margin-top-large:0px;--awb-spacing-right-large:1.92%;--awb-margin-bottom-large:20px;--awb-spacing-left-large:1.92%;--awb-width-medium:100%;--awb-order-medium:0;--awb-spacing-right-medium:1.92%;--awb-spacing-left-medium:1.92%;--awb-width-small:100%;--awb-order-small:0;--awb-spacing-right-small:1.92%;--awb-spacing-left-small:1.92%;\"><div class=\"fusion-column-wrapper fusion-column-has-shadow fusion-flex-justify-content-flex-start fusion-content-layout-column\"><div class=\"fusion-text fusion-text-3\"><h2>Warum CNT?<\/h2>\n<p>CNT Management Consulting wurde 1999 in Wien gegr\u00fcndet. Mit \u00fcber 500 Mitarbeitenden und einem Umsatz von \u00fcber 135 Mio. Euro (2024) z\u00e4hlt es insbesondere f\u00fcr SAP S\/4HANA Cloud, Business Technology Platform (BTP),  Ariba, SuccessFactors, Integrated Business Planning (IBP),  Analytics Cloud, Concur, Customer Experience (CX) und Digital Manufacturing als das f\u00fchrende Beratungshaus f\u00fcr SAP-Software in Mitteleuropa. Unser Knowhow sowie unsere technischen, betriebswirtschaftlichen und methodologischen Kompetenzen stellen wir Ihnen im Rahmen unseres ganzheitlichen Consulting-Ansatzes zur Verf\u00fcgung. Ma\u00dfgeschneiderte, bedarfsgerechte und kundenindividuelle SAP-L\u00f6sungen sind unser gemeinsames Ziel. Erfahren Sie mehr \u00fcber unsere Consulting-Services!<\/p>\n<p>Wir freuen uns darauf, Sie auf Ihrem Weg zum Erfolg begleiten und unterst\u00fctzen zu d\u00fcrfen.<\/p>\n<\/div><\/div><\/div><\/div><\/div><\/p>\n","protected":false},"excerpt":{"rendered":"","protected":false},"author":1,"featured_media":0,"parent":819,"menu_order":90,"comment_status":"closed","ping_status":"closed","template":"100-width.php","meta":{"_acf_changed":false,"inline_featured_image":false,"footnotes":""},"class_list":["post-1048","page","type-page","status-publish","hentry"],"acf":[],"yoast_head":"<!-- This site is optimized with the Yoast SEO Premium plugin v27.1 (Yoast SEO v27.2) - https:\/\/yoast.com\/product\/yoast-seo-premium-wordpress\/ -->\n<title>Standort S\u00e3o Paulo | SAP Consulting Services | CNT<\/title>\n<meta name=\"description\" content=\"Lernen Sie unseren CNT Standort in S\u00e3o Paulo kennen \u2713 SAP Consulting Services \u2713 SAP S\/4HANA \u2713 SAP Ariba \u25ba Nehmen Sie Kontakt mit uns auf.\" \/>\n<meta name=\"robots\" content=\"index, follow, max-snippet:-1, max-image-preview:large, max-video-preview:-1\" \/>\n<link rel=\"canonical\" href=\"https:\/\/www.cnt-online.com\/de\/about\/standorte\/sao-paulo\/\" \/>\n<meta property=\"og:locale\" content=\"de_DE\" \/>\n<meta property=\"og:type\" content=\"article\" \/>\n<meta property=\"og:title\" content=\"S\u00e3o Paulo\" \/>\n<meta property=\"og:description\" content=\"Lernen Sie unseren CNT Standort in S\u00e3o Paulo kennen \u2713 SAP Consulting Services \u2713 SAP S\/4HANA \u2713 SAP Ariba \u25ba Nehmen Sie Kontakt mit uns auf.\" \/>\n<meta property=\"og:url\" content=\"https:\/\/www.cnt-online.com\/de\/about\/standorte\/sao-paulo\/\" \/>\n<meta property=\"og:site_name\" content=\"CNT\" \/>\n<meta property=\"article:modified_time\" content=\"2025-02-12T12:28:28+00:00\" \/>\n<meta name=\"twitter:card\" content=\"summary_large_image\" \/>\n<meta name=\"twitter:label1\" content=\"Gesch\u00e4tzte Lesezeit\" \/>\n\t<meta name=\"twitter:data1\" content=\"1\u00a0Minute\" \/>\n<script type=\"application\/ld+json\" class=\"yoast-schema-graph\">{\"@context\":\"https:\/\/schema.org\",\"@graph\":[{\"@type\":\"WebPage\",\"@id\":\"https:\/\/www.cnt-online.com\/de\/about\/standorte\/sao-paulo\/\",\"url\":\"https:\/\/www.cnt-online.com\/de\/about\/standorte\/sao-paulo\/\",\"name\":\"Standort S\u00e3o Paulo | SAP Consulting Services | CNT\",\"isPartOf\":{\"@id\":\"https:\/\/www.cnt-online.com\/de\/#website\"},\"datePublished\":\"2023-01-30T13:17:10+00:00\",\"dateModified\":\"2025-02-12T12:28:28+00:00\",\"description\":\"Lernen Sie unseren CNT Standort in S\u00e3o Paulo kennen \u2713 SAP Consulting Services \u2713 SAP S\/4HANA \u2713 SAP Ariba \u25ba Nehmen Sie Kontakt mit uns auf.\",\"breadcrumb\":{\"@id\":\"https:\/\/www.cnt-online.com\/de\/about\/standorte\/sao-paulo\/#breadcrumb\"},\"inLanguage\":\"de\",\"potentialAction\":[{\"@type\":\"ReadAction\",\"target\":[\"https:\/\/www.cnt-online.com\/de\/about\/standorte\/sao-paulo\/\"]}]},{\"@type\":\"BreadcrumbList\",\"@id\":\"https:\/\/www.cnt-online.com\/de\/about\/standorte\/sao-paulo\/#breadcrumb\",\"itemListElement\":[{\"@type\":\"ListItem\",\"position\":1,\"name\":\"Home\",\"item\":\"https:\/\/www.cnt-online.com\/de\/\"},{\"@type\":\"ListItem\",\"position\":2,\"name\":\"About\",\"item\":\"https:\/\/www.cnt-online.com\/de\/about\/\"},{\"@type\":\"ListItem\",\"position\":3,\"name\":\"Standorte\",\"item\":\"https:\/\/www.cnt-online.com\/de\/about\/standorte\/\"},{\"@type\":\"ListItem\",\"position\":4,\"name\":\"S\u00e3o Paulo\"}]},{\"@type\":\"WebSite\",\"@id\":\"https:\/\/www.cnt-online.com\/de\/#website\",\"url\":\"https:\/\/www.cnt-online.com\/de\/\",\"name\":\"CNT\",\"description\":\"Management Consulting\",\"publisher\":{\"@id\":\"https:\/\/www.cnt-online.com\/de\/#organization\"},\"potentialAction\":[{\"@type\":\"SearchAction\",\"target\":{\"@type\":\"EntryPoint\",\"urlTemplate\":\"https:\/\/www.cnt-online.com\/de\/?s={search_term_string}\"},\"query-input\":{\"@type\":\"PropertyValueSpecification\",\"valueRequired\":true,\"valueName\":\"search_term_string\"}}],\"inLanguage\":\"de\"},{\"@type\":\"Organization\",\"@id\":\"https:\/\/www.cnt-online.com\/de\/#organization\",\"name\":\"CNT\",\"url\":\"https:\/\/www.cnt-online.com\/de\/\",\"logo\":{\"@type\":\"ImageObject\",\"inLanguage\":\"de\",\"@id\":\"https:\/\/www.cnt-online.com\/de\/#\/schema\/logo\/image\/\",\"url\":\"https:\/\/www.cnt-online.com\/wp-content\/uploads\/favicon.png\",\"contentUrl\":\"https:\/\/www.cnt-online.com\/wp-content\/uploads\/favicon.png\",\"width\":64,\"height\":17,\"caption\":\"CNT\"},\"image\":{\"@id\":\"https:\/\/www.cnt-online.com\/de\/#\/schema\/logo\/image\/\"}}]}<\/script>\n<!-- \/ Yoast SEO Premium plugin. -->","yoast_head_json":{"title":"Standort S\u00e3o Paulo | SAP Consulting Services | CNT","description":"Lernen Sie unseren CNT Standort in S\u00e3o Paulo kennen \u2713 SAP Consulting Services \u2713 SAP S\/4HANA \u2713 SAP Ariba \u25ba Nehmen Sie Kontakt mit uns auf.","robots":{"index":"index","follow":"follow","max-snippet":"max-snippet:-1","max-image-preview":"max-image-preview:large","max-video-preview":"max-video-preview:-1"},"canonical":"https:\/\/www.cnt-online.com\/de\/about\/standorte\/sao-paulo\/","og_locale":"de_DE","og_type":"article","og_title":"S\u00e3o Paulo","og_description":"Lernen Sie unseren CNT Standort in S\u00e3o Paulo kennen \u2713 SAP Consulting Services \u2713 SAP S\/4HANA \u2713 SAP Ariba \u25ba Nehmen Sie Kontakt mit uns auf.","og_url":"https:\/\/www.cnt-online.com\/de\/about\/standorte\/sao-paulo\/","og_site_name":"CNT","article_modified_time":"2025-02-12T12:28:28+00:00","twitter_card":"summary_large_image","twitter_misc":{"Gesch\u00e4tzte Lesezeit":"1\u00a0Minute"},"schema":{"@context":"https:\/\/schema.org","@graph":[{"@type":"WebPage","@id":"https:\/\/www.cnt-online.com\/de\/about\/standorte\/sao-paulo\/","url":"https:\/\/www.cnt-online.com\/de\/about\/standorte\/sao-paulo\/","name":"Standort S\u00e3o Paulo | SAP Consulting Services | CNT","isPartOf":{"@id":"https:\/\/www.cnt-online.com\/de\/#website"},"datePublished":"2023-01-30T13:17:10+00:00","dateModified":"2025-02-12T12:28:28+00:00","description":"Lernen Sie unseren CNT Standort in S\u00e3o Paulo kennen \u2713 SAP Consulting Services \u2713 SAP S\/4HANA \u2713 SAP Ariba \u25ba Nehmen Sie Kontakt mit uns auf.","breadcrumb":{"@id":"https:\/\/www.cnt-online.com\/de\/about\/standorte\/sao-paulo\/#breadcrumb"},"inLanguage":"de","potentialAction":[{"@type":"ReadAction","target":["https:\/\/www.cnt-online.com\/de\/about\/standorte\/sao-paulo\/"]}]},{"@type":"BreadcrumbList","@id":"https:\/\/www.cnt-online.com\/de\/about\/standorte\/sao-paulo\/#breadcrumb","itemListElement":[{"@type":"ListItem","position":1,"name":"Home","item":"https:\/\/www.cnt-online.com\/de\/"},{"@type":"ListItem","position":2,"name":"About","item":"https:\/\/www.cnt-online.com\/de\/about\/"},{"@type":"ListItem","position":3,"name":"Standorte","item":"https:\/\/www.cnt-online.com\/de\/about\/standorte\/"},{"@type":"ListItem","position":4,"name":"S\u00e3o Paulo"}]},{"@type":"WebSite","@id":"https:\/\/www.cnt-online.com\/de\/#website","url":"https:\/\/www.cnt-online.com\/de\/","name":"CNT","description":"Management Consulting","publisher":{"@id":"https:\/\/www.cnt-online.com\/de\/#organization"},"potentialAction":[{"@type":"SearchAction","target":{"@type":"EntryPoint","urlTemplate":"https:\/\/www.cnt-online.com\/de\/?s={search_term_string}"},"query-input":{"@type":"PropertyValueSpecification","valueRequired":true,"valueName":"search_term_string"}}],"inLanguage":"de"},{"@type":"Organization","@id":"https:\/\/www.cnt-online.com\/de\/#organization","name":"CNT","url":"https:\/\/www.cnt-online.com\/de\/","logo":{"@type":"ImageObject","inLanguage":"de","@id":"https:\/\/www.cnt-online.com\/de\/#\/schema\/logo\/image\/","url":"https:\/\/www.cnt-online.com\/wp-content\/uploads\/favicon.png","contentUrl":"https:\/\/www.cnt-online.com\/wp-content\/uploads\/favicon.png","width":64,"height":17,"caption":"CNT"},"image":{"@id":"https:\/\/www.cnt-online.com\/de\/#\/schema\/logo\/image\/"}}]}},"_links":{"self":[{"href":"https:\/\/www.cnt-online.com\/de\/wp-json\/wp\/v2\/pages\/1048","targetHints":{"allow":["GET"]}}],"collection":[{"href":"https:\/\/www.cnt-online.com\/de\/wp-json\/wp\/v2\/pages"}],"about":[{"href":"https:\/\/www.cnt-online.com\/de\/wp-json\/wp\/v2\/types\/page"}],"author":[{"embeddable":true,"href":"https:\/\/www.cnt-online.com\/de\/wp-json\/wp\/v2\/users\/1"}],"replies":[{"embeddable":true,"href":"https:\/\/www.cnt-online.com\/de\/wp-json\/wp\/v2\/comments?post=1048"}],"version-history":[{"count":18,"href":"https:\/\/www.cnt-online.com\/de\/wp-json\/wp\/v2\/pages\/1048\/revisions"}],"predecessor-version":[{"id":11111,"href":"https:\/\/www.cnt-online.com\/de\/wp-json\/wp\/v2\/pages\/1048\/revisions\/11111"}],"up":[{"embeddable":true,"href":"https:\/\/www.cnt-online.com\/de\/wp-json\/wp\/v2\/pages\/819"}],"wp:attachment":[{"href":"https:\/\/www.cnt-online.com\/de\/wp-json\/wp\/v2\/media?parent=1048"}],"curies":[{"name":"wp","href":"https:\/\/api.w.org\/{rel}","templated":true}]}}